{"id":533,"date":"2022-11-24T21:14:28","date_gmt":"2022-11-24T21:14:28","guid":{"rendered":"https:\/\/wingsgo.be\/?page_id=533"},"modified":"2022-11-26T14:07:36","modified_gmt":"2022-11-26T14:07:36","slug":"sisem","status":"publish","type":"page","link":"https:\/\/wingsgo.be\/index.php\/sisem\/","title":{"rendered":"Sisem"},"content":{"rendered":"<p>[et_pb_section fb_built=\u00a0\u00bb1&Prime; _builder_version=\u00a0\u00bb4.19.1&Prime; _module_preset=\u00a0\u00bbdefault\u00a0\u00bb background_color=\u00a0\u00bb#1E232D\u00a0\u00bb global_colors_info=\u00a0\u00bb{}\u00a0\u00bb][et_pb_row _builder_version=\u00a0\u00bb4.19.1&Prime; _module_preset=\u00a0\u00bbdefault\u00a0\u00bb global_colors_info=\u00a0\u00bb{}\u00a0\u00bb][et_pb_column type=\u00a0\u00bb4_4&Prime; _builder_version=\u00a0\u00bb4.19.1&Prime; _module_preset=\u00a0\u00bbdefault\u00a0\u00bb global_colors_info=\u00a0\u00bb{}\u00a0\u00bb][et_pb_text _builder_version=\u00a0\u00bb4.19.1&Prime; _module_preset=\u00a0\u00bbdefault\u00a0\u00bb global_colors_info=\u00a0\u00bb{}\u00a0\u00bb]<\/p>\n<h2><strong>Sisem<\/strong><\/h2>\n<p>[\/et_pb_text][et_pb_text _builder_version=\u00a0\u00bb4.19.1&Prime; _module_preset=\u00a0\u00bbdefault\u00a0\u00bb global_colors_info=\u00a0\u00bb{}\u00a0\u00bb]<\/p>\n<p style=\"font-weight: 400;\">Source \u00a0<strong><a href=\"https:\/\/sisem-institut.com\/\">Institut Sisem\u00a0<\/a><\/strong><\/p>\n<h6><span style=\"color: #ffffff;\"><strong><\/strong><\/span><\/h6>\n<h4><span style=\"color: #ffff00;\"><strong>Applications<\/strong><\/span><\/h4>\n<p style=\"font-weight: 400;\">Le SISEM s\u2019applique tant \u00e0 la sph\u00e8re personnelle que professionnelle.<\/p>\n<p style=\"font-weight: 400;\">Il a d\u00e9montr\u00e9 particuli\u00e8rement son efficacit\u00e9 dans les champs d\u2019applications suivants\u00a0: mieux se conna\u00eetre, r\u00e9v\u00e9ler ses talents, \u00e9laborer un projet professionnel \u00e9panouissant, contacter ses valeurs, affirmer son leadership, d\u00e9tecter les\u00a0atouts et le potentiel de ses collaborateurs, personnaliser ses pratiques manag\u00e9riales, optimiser sa communication, construire et mettre une \u00e9quipe en mouvement.<\/p>\n<p style=\"font-weight: 400;\">LE SISEM s\u2019av\u00e8re aussi \u00eatre un outils pr\u00e9cieux et fiable pour faire face aux enjeux RH tels que\u00a0: la mobilit\u00e9 professionnelle, le recrutement, le management de collaborateur difficiles, la gestion du changement, le d\u00e9veloppement d\u2019une posture de de coach, la r\u00e9tention des talents, \u2026<\/p>\n<h6><span style=\"color: #ffffff;\"><strong><\/strong><\/span><\/h6>\n<h4><span style=\"color: #edf000;\"><strong>D\u00e9finition<\/strong><\/span><\/h4>\n<h6><\/h6>\n<p>Il s\u2019agit d\u2019une UNE APPROCHE DE LA MOTIVATION CENTR\u00c9E SUR \u201cLE PLAISIR\u00a0ET LE SENS\u201d.<\/p>\n<p style=\"font-weight: 400;\">Sisem est l\u2019acronyme de Self Implications Strategies for Ethics in Management. Certains y voient une d\u00e9finition plus simple , \u00e0 savoir \u00ab\u00a0 6<span>\u00a0 <\/span>M \u00bb comme pour les 6 moteurs de motivation autour desquels l&rsquo;outil est construit.<\/p>\n<h4 style=\"font-weight: 400;\"><strong>Principe<\/strong><\/h4>\n<p style=\"font-weight: 400;\">Le SISEM est n\u00e9 de l&rsquo;observation de personnes qui s&rsquo;\u00e9panouissent dans leurs activit\u00e9s.<\/p>\n<p style=\"font-weight: 400;\">Ces investigations ont mis en \u00e9vidence que la motivation d&rsquo;un individu r\u00e9sulte de la combinaison de\u00a0six forces\u00a0\u00e9l\u00e9mentaires agissant comme des moteurs pour d\u00e9livrer l&rsquo;\u00e9nergie dont nous avons besoin au service de nos objectifs.<\/p>\n<p style=\"font-weight: 400;\">A partir de ce mod\u00e8le simple et pratique, il est possible d&rsquo;\u00e9tablir le profil de motivation\u00a0d&rsquo;une personne et d&rsquo;en d\u00e9duire les conditions propices \u00e0 la r\u00e9alisation de son potentiel.<\/p>\n<h4 style=\"font-weight: 400;\"><span style=\"color: #ffffff;\"><strong><\/strong><\/span><span style=\"color: #edf000; font-size: large;\"><strong>Caract\u00e9ristiques<\/strong><\/span><\/h4>\n<p style=\"font-weight: 400;\"><span style=\"color: #ffffff;\"><strong><\/strong><\/span><\/p>\n<p style=\"font-weight: 400;\"><strong><span style=\"font-size: 14px;\"><\/span><\/strong><\/p>\n<ul>\n<li style=\"font-weight: 400;\">Simple sans \u00eatre simpliste<\/li>\n<li style=\"font-weight: 400;\"><span style=\"font-size: 14px;\">Valorisant : renforce la confiance, participe \u00e0 l\u2019<\/span><em style=\"font-size: 14px;\">empowerment<\/em><span style=\"font-size: 14px;\"> des participants<\/span><\/li>\n<li style=\"font-weight: 400;\"><span style=\"font-size: 14px;\">Op\u00e9rationnel\u00a0: une fois votre profil de motivation \u00e9tabli, vous aurez un aper\u00e7u des activit\u00e9s ( au sens large) susceptibles de combiner performance et plaisir au travail<\/span><\/li>\n<li style=\"font-weight: 400;\"><span style=\"font-size: 14px;\">Individualis\u00e9 \u00a0: bas\u00e9 sur le v\u00e9cu et les contraintes des individus<\/span><\/li>\n<li style=\"font-weight: 400;\"><span style=\"font-size: 14px;\">Adaptable\u00a0: en fonction de son besoin, de son \u00e9nergie, de son objectif et de son \u00e9tat d\u2019esprit , le participant peut choisir d\u2019utiliser l\u2019outil de fa\u00e7on plus ou moins confrontante. Il n\u2019est pas n\u00e9cessaire de vouloir op\u00e9rer une remise en question de soi et de ses choix pour faire appel \u00e0 la m\u00e9thode<\/span><\/li>\n<li style=\"font-weight: 400;\"><span style=\"font-size: 14px;\">Reconnu\u00a0: de plus en plus d\u2019entreprises sont appel au mod\u00e8le pour faire face aux enjeux RH actuels.<\/span><\/li>\n<\/ul>\n<p>[\/et_pb_text][\/et_pb_column][\/et_pb_row][et_pb_row column_structure=\u00a0\u00bb1_2,1_2&Prime; _builder_version=\u00a0\u00bb4.19.1&Prime; _module_preset=\u00a0\u00bbdefault\u00a0\u00bb global_colors_info=\u00a0\u00bb{}\u00a0\u00bb][et_pb_column type=\u00a0\u00bb1_2&Prime; _builder_version=\u00a0\u00bb4.19.1&Prime; _module_preset=\u00a0\u00bbdefault\u00a0\u00bb global_colors_info=\u00a0\u00bb{}\u00a0\u00bb][et_pb_image src=\u00a0\u00bbhttps:\/\/wingsgo.be\/wp-content\/uploads\/2022\/11\/SiglewebEnneagramme.png\u00a0\u00bb title_text=\u00a0\u00bbSiglewebEnn\u00e9agramme\u00a0\u00bb url=\u00a0\u00bbhttps:\/\/wingsgo.be\/index.php\/enneagramme-content\/\u00a0\u00bb align=\u00a0\u00bbcenter\u00a0\u00bb _builder_version=\u00a0\u00bb4.19.1&Prime; _module_preset=\u00a0\u00bbdefault\u00a0\u00bb max_height=\u00a0\u00bb100px\u00a0\u00bb global_colors_info=\u00a0\u00bb{}\u00a0\u00bb][\/et_pb_image][\/et_pb_column][et_pb_column type=\u00a0\u00bb1_2&Prime; _builder_version=\u00a0\u00bb4.19.1&Prime; _module_preset=\u00a0\u00bbdefault\u00a0\u00bb global_colors_info=\u00a0\u00bb{}\u00a0\u00bb][et_pb_image src=\u00a0\u00bbhttps:\/\/wingsgo.be\/wp-content\/uploads\/2022\/11\/SiglewebDesignThinking.png\u00a0\u00bb title_text=\u00a0\u00bbSiglewebDesignThinking\u00a0\u00bb url=\u00a0\u00bbhttps:\/\/wingsgo.be\/index.php\/design-thinking\/\u00a0\u00bb align=\u00a0\u00bbcenter\u00a0\u00bb _builder_version=\u00a0\u00bb4.19.1&Prime; _module_preset=\u00a0\u00bbdefault\u00a0\u00bb max_height=\u00a0\u00bb100px\u00a0\u00bb global_colors_info=\u00a0\u00bb{}\u00a0\u00bb][\/et_pb_image][\/et_pb_column][\/et_pb_row][et_pb_row _builder_version=\u00a0\u00bb4.19.0&Prime; _module_preset=\u00a0\u00bbdefault\u00a0\u00bb global_colors_info=\u00a0\u00bb{}\u00a0\u00bb][et_pb_column type=\u00a0\u00bb4_4&Prime; _builder_version=\u00a0\u00bb4.19.0&Prime; _module_preset=\u00a0\u00bbdefault\u00a0\u00bb global_colors_info=\u00a0\u00bb{}\u00a0\u00bb][et_pb_button button_url=\u00a0\u00bbhttps:\/\/wingsgo.be\/#mecontacter\u00a0\u00bb button_text=\u00a0\u00bbpour en savoir plus me contacter\u00a0\u00bb _builder_version=\u00a0\u00bb4.19.1&Prime; _module_preset=\u00a0\u00bbdefault\u00a0\u00bb custom_button=\u00a0\u00bbon\u00a0\u00bb button_border_width=\u00a0\u00bb2px\u00a0\u00bb button_border_radius=\u00a0\u00bb30px\u00a0\u00bb hover_enabled=\u00a0\u00bb0&Prime; global_colors_info=\u00a0\u00bb{}\u00a0\u00bb button_alignment=\u00a0\u00bbcenter\u00a0\u00bb sticky_enabled=\u00a0\u00bb0&Prime;][\/et_pb_button][\/et_pb_column][\/et_pb_row][et_pb_row _builder_version=\u00a0\u00bb4.19.0&Prime; _module_preset=\u00a0\u00bbdefault\u00a0\u00bb global_colors_info=\u00a0\u00bb{}\u00a0\u00bb][et_pb_column type=\u00a0\u00bb4_4&Prime; _builder_version=\u00a0\u00bb4.19.0&Prime; _module_preset=\u00a0\u00bbdefault\u00a0\u00bb global_colors_info=\u00a0\u00bb{}\u00a0\u00bb][et_pb_image src=\u00a0\u00bbhttps:\/\/wingsgo.be\/wp-content\/uploads\/2022\/11\/LogoTypeWingsGoV2022.png\u00a0\u00bb title_text=\u00a0\u00bbLogoTypeWingsGoV2022&Prime; align=\u00a0\u00bbcenter\u00a0\u00bb _builder_version=\u00a0\u00bb4.19.0&Prime; _module_preset=\u00a0\u00bbdefault\u00a0\u00bb max_height=\u00a0\u00bb200px\u00a0\u00bb global_colors_info=\u00a0\u00bb{}\u00a0\u00bb][\/et_pb_image][\/et_pb_column][\/et_pb_row][\/et_pb_section]<\/p>\n","protected":false},"excerpt":{"rendered":"<p>SisemSource \u00a0Institut Sisem\u00a0 Applications Le SISEM s\u2019applique tant \u00e0 la sph\u00e8re personnelle que professionnelle. Il a d\u00e9montr\u00e9 particuli\u00e8rement son efficacit\u00e9 dans les champs d\u2019applications suivants\u00a0: mieux se conna\u00eetre, r\u00e9v\u00e9ler ses talents, \u00e9laborer un projet professionnel \u00e9panouissant, contacter ses valeurs, affirmer son leadership, d\u00e9tecter les\u00a0atouts et le potentiel de ses collaborateurs, personnaliser ses pratiques manag\u00e9riales, optimiser [&hellip;]<\/p>\n","protected":false},"author":1,"featured_media":0,"parent":0,"menu_order":0,"comment_status":"closed","ping_status":"closed","template":"","meta":{"_et_pb_use_builder":"on","_et_pb_old_content":"","_et_gb_content_width":"","footnotes":""},"class_list":["post-533","page","type-page","status-publish","hentry"],"yoast_head":"<!-- This site is optimized with the Yoast SEO plugin v26.8 - https:\/\/yoast.com\/product\/yoast-seo-wordpress\/ -->\n<title>Sisem - WingsGo<\/title>\n<meta name=\"robots\" content=\"index, follow, max-snippet:-1, max-image-preview:large, max-video-preview:-1\" \/>\n<link rel=\"canonical\" href=\"https:\/\/wingsgo.be\/index.php\/sisem\/\" \/>\n<meta property=\"og:locale\" content=\"fr_FR\" \/>\n<meta property=\"og:type\" content=\"article\" \/>\n<meta property=\"og:title\" content=\"Sisem - WingsGo\" \/>\n<meta property=\"og:description\" content=\"SisemSource \u00a0Institut Sisem\u00a0 Applications Le SISEM s\u2019applique tant \u00e0 la sph\u00e8re personnelle que professionnelle. Il a d\u00e9montr\u00e9 particuli\u00e8rement son efficacit\u00e9 dans les champs d\u2019applications suivants\u00a0: mieux se conna\u00eetre, r\u00e9v\u00e9ler ses talents, \u00e9laborer un projet professionnel \u00e9panouissant, contacter ses valeurs, affirmer son leadership, d\u00e9tecter les\u00a0atouts et le potentiel de ses collaborateurs, personnaliser ses pratiques manag\u00e9riales, optimiser [&hellip;]\" \/>\n<meta property=\"og:url\" content=\"https:\/\/wingsgo.be\/index.php\/sisem\/\" \/>\n<meta property=\"og:site_name\" content=\"WingsGo\" \/>\n<meta property=\"article:publisher\" content=\"https:\/\/www.facebook.com\/WingsGo.be\" \/>\n<meta property=\"article:modified_time\" content=\"2022-11-26T14:07:36+00:00\" \/>\n<meta name=\"twitter:card\" content=\"summary_large_image\" \/>\n<script type=\"application\/ld+json\" class=\"yoast-schema-graph\">{\"@context\":\"https:\/\/schema.org\",\"@graph\":[{\"@type\":\"WebPage\",\"@id\":\"https:\/\/wingsgo.be\/index.php\/sisem\/\",\"url\":\"https:\/\/wingsgo.be\/index.php\/sisem\/\",\"name\":\"Sisem - WingsGo\",\"isPartOf\":{\"@id\":\"https:\/\/wingsgo.be\/#website\"},\"datePublished\":\"2022-11-24T21:14:28+00:00\",\"dateModified\":\"2022-11-26T14:07:36+00:00\",\"breadcrumb\":{\"@id\":\"https:\/\/wingsgo.be\/index.php\/sisem\/#breadcrumb\"},\"inLanguage\":\"fr-FR\",\"potentialAction\":[{\"@type\":\"ReadAction\",\"target\":[\"https:\/\/wingsgo.be\/index.php\/sisem\/\"]}]},{\"@type\":\"BreadcrumbList\",\"@id\":\"https:\/\/wingsgo.be\/index.php\/sisem\/#breadcrumb\",\"itemListElement\":[{\"@type\":\"ListItem\",\"position\":1,\"name\":\"Home\",\"item\":\"https:\/\/wingsgo.be\/\"},{\"@type\":\"ListItem\",\"position\":2,\"name\":\"Sisem\"}]},{\"@type\":\"WebSite\",\"@id\":\"https:\/\/wingsgo.be\/#website\",\"url\":\"https:\/\/wingsgo.be\/\",\"name\":\"WingsGo\",\"description\":\"Deploy to Enjoy\",\"potentialAction\":[{\"@type\":\"SearchAction\",\"target\":{\"@type\":\"EntryPoint\",\"urlTemplate\":\"https:\/\/wingsgo.be\/?s={search_term_string}\"},\"query-input\":{\"@type\":\"PropertyValueSpecification\",\"valueRequired\":true,\"valueName\":\"search_term_string\"}}],\"inLanguage\":\"fr-FR\"}]}<\/script>\n<!-- \/ Yoast SEO plugin. -->","yoast_head_json":{"title":"Sisem - WingsGo","robots":{"index":"index","follow":"follow","max-snippet":"max-snippet:-1","max-image-preview":"max-image-preview:large","max-video-preview":"max-video-preview:-1"},"canonical":"https:\/\/wingsgo.be\/index.php\/sisem\/","og_locale":"fr_FR","og_type":"article","og_title":"Sisem - WingsGo","og_description":"SisemSource \u00a0Institut Sisem\u00a0 Applications Le SISEM s\u2019applique tant \u00e0 la sph\u00e8re personnelle que professionnelle. Il a d\u00e9montr\u00e9 particuli\u00e8rement son efficacit\u00e9 dans les champs d\u2019applications suivants\u00a0: mieux se conna\u00eetre, r\u00e9v\u00e9ler ses talents, \u00e9laborer un projet professionnel \u00e9panouissant, contacter ses valeurs, affirmer son leadership, d\u00e9tecter les\u00a0atouts et le potentiel de ses collaborateurs, personnaliser ses pratiques manag\u00e9riales, optimiser [&hellip;]","og_url":"https:\/\/wingsgo.be\/index.php\/sisem\/","og_site_name":"WingsGo","article_publisher":"https:\/\/www.facebook.com\/WingsGo.be","article_modified_time":"2022-11-26T14:07:36+00:00","twitter_card":"summary_large_image","schema":{"@context":"https:\/\/schema.org","@graph":[{"@type":"WebPage","@id":"https:\/\/wingsgo.be\/index.php\/sisem\/","url":"https:\/\/wingsgo.be\/index.php\/sisem\/","name":"Sisem - WingsGo","isPartOf":{"@id":"https:\/\/wingsgo.be\/#website"},"datePublished":"2022-11-24T21:14:28+00:00","dateModified":"2022-11-26T14:07:36+00:00","breadcrumb":{"@id":"https:\/\/wingsgo.be\/index.php\/sisem\/#breadcrumb"},"inLanguage":"fr-FR","potentialAction":[{"@type":"ReadAction","target":["https:\/\/wingsgo.be\/index.php\/sisem\/"]}]},{"@type":"BreadcrumbList","@id":"https:\/\/wingsgo.be\/index.php\/sisem\/#breadcrumb","itemListElement":[{"@type":"ListItem","position":1,"name":"Home","item":"https:\/\/wingsgo.be\/"},{"@type":"ListItem","position":2,"name":"Sisem"}]},{"@type":"WebSite","@id":"https:\/\/wingsgo.be\/#website","url":"https:\/\/wingsgo.be\/","name":"WingsGo","description":"Deploy to Enjoy","potentialAction":[{"@type":"SearchAction","target":{"@type":"EntryPoint","urlTemplate":"https:\/\/wingsgo.be\/?s={search_term_string}"},"query-input":{"@type":"PropertyValueSpecification","valueRequired":true,"valueName":"search_term_string"}}],"inLanguage":"fr-FR"}]}},"_links":{"self":[{"href":"https:\/\/wingsgo.be\/index.php\/wp-json\/wp\/v2\/pages\/533","targetHints":{"allow":["GET"]}}],"collection":[{"href":"https:\/\/wingsgo.be\/index.php\/wp-json\/wp\/v2\/pages"}],"about":[{"href":"https:\/\/wingsgo.be\/index.php\/wp-json\/wp\/v2\/types\/page"}],"author":[{"embeddable":true,"href":"https:\/\/wingsgo.be\/index.php\/wp-json\/wp\/v2\/users\/1"}],"replies":[{"embeddable":true,"href":"https:\/\/wingsgo.be\/index.php\/wp-json\/wp\/v2\/comments?post=533"}],"version-history":[{"count":6,"href":"https:\/\/wingsgo.be\/index.php\/wp-json\/wp\/v2\/pages\/533\/revisions"}],"predecessor-version":[{"id":581,"href":"https:\/\/wingsgo.be\/index.php\/wp-json\/wp\/v2\/pages\/533\/revisions\/581"}],"wp:attachment":[{"href":"https:\/\/wingsgo.be\/index.php\/wp-json\/wp\/v2\/media?parent=533"}],"curies":[{"name":"wp","href":"https:\/\/api.w.org\/{rel}","templated":true}]}}