{"id":42,"date":"2019-11-04T11:52:21","date_gmt":"2019-11-04T11:52:21","guid":{"rendered":"https:\/\/wingsgo.be\/?page_id=42"},"modified":"2025-12-02T23:49:50","modified_gmt":"2025-12-02T23:49:50","slug":"accueil","status":"publish","type":"page","link":"https:\/\/wingsgo.be\/","title":{"rendered":"WINGSGO"},"content":{"rendered":"<p>[et_pb_section fb_built=\u00a0\u00bb1&Prime; _builder_version=\u00a0\u00bb4.19.0&Prime; _module_preset=\u00a0\u00bbbcd9f22e-c10c-4232-81a1-2b787d69b321&Prime; min_height=\u00a0\u00bb800px\u00a0\u00bb global_colors_info=\u00a0\u00bb{}\u00a0\u00bb][\/et_pb_section][et_pb_section fb_built=\u00a0\u00bb1&Prime; _builder_version=\u00a0\u00bb4.19.0&Prime; background_color=\u00a0\u00bb#1E232D\u00a0\u00bb global_colors_info=\u00a0\u00bb{}\u00a0\u00bb][et_pb_row _builder_version=\u00a0\u00bb4.19.0&Prime; _module_preset=\u00a0\u00bbdefault\u00a0\u00bb global_colors_info=\u00a0\u00bb{}\u00a0\u00bb][et_pb_column type=\u00a0\u00bb4_4&Prime; _builder_version=\u00a0\u00bb4.19.0&Prime; _module_preset=\u00a0\u00bbdefault\u00a0\u00bb global_colors_info=\u00a0\u00bb{}\u00a0\u00bb][et_pb_image src=\u00a0\u00bbhttps:\/\/wingsgo.be\/wp-content\/uploads\/2022\/11\/LogoTypeWingsGoV2022.png\u00a0\u00bb title_text=\u00a0\u00bbLogoTypeWingsGoV2022&Prime; align=\u00a0\u00bbcenter\u00a0\u00bb _builder_version=\u00a0\u00bb4.19.0&Prime; _module_preset=\u00a0\u00bbdefault\u00a0\u00bb max_height=\u00a0\u00bb200px\u00a0\u00bb global_colors_info=\u00a0\u00bb{}\u00a0\u00bb][\/et_pb_image][\/et_pb_column][\/et_pb_row][et_pb_row column_structure=\u00a0\u00bb1_2,1_2&Prime; _builder_version=\u00a0\u00bb4.16&Prime; global_colors_info=\u00a0\u00bb{}\u00a0\u00bb][et_pb_column type=\u00a0\u00bb1_2&Prime; _builder_version=\u00a0\u00bb4.16&Prime; global_colors_info=\u00a0\u00bb{}\u00a0\u00bb][et_pb_text _builder_version=\u00a0\u00bb4.19.0&Prime; _module_preset=\u00a0\u00bbdefault\u00a0\u00bb global_colors_info=\u00a0\u00bb{}\u00a0\u00bb]<\/p>\n<h2><span style=\"color: #ffff00;\"><strong>Caroline Coumanne<\/strong><\/span><\/h2>\n<p>[\/et_pb_text][et_pb_text _builder_version=\u00a0\u00bb4.19.0&Prime; _module_preset=\u00a0\u00bbdefault\u00a0\u00bb global_colors_info=\u00a0\u00bb{}\u00a0\u00bb]<\/p>\n<p style=\"font-weight: 400;\">Mes proches me d\u00e9crivent comme une \u00ab\u00a0aventuri\u00e8re des temps moderne\u00a0\u00bb, d\u2019autres comme une \u00ab\u00a0boule magique\u00a0\u00bb. Je me retrouve plut\u00f4t bien dans ces deux descriptions qui illustrent mes principales valeurs, \u00e0 savoir\u00a0: l\u2019optimisme, la curiosit\u00e9, la libert\u00e9, le mouvement et la cr\u00e9ativit\u00e9.<\/p>\n<p style=\"font-weight: 400;\">\n<p style=\"font-weight: 400;\">Passionn\u00e9e par la vie, par la compr\u00e9hension de l\u2019\u00eatre humain et de ses motivations, je place la notion de sens au c\u0153ur de mes actions.\u00a0<\/p>\n<p style=\"font-weight: 400;\">\n<p style=\"font-weight: 400;\">C\u2019est par la porte de la criminologie que je suis arriv\u00e9e dans le monde de l\u2019entreprise et plus particuli\u00e8rement par l\u2019observation des ph\u00e9nom\u00e8nes de\u00a0souffrance psychologique et des conflits en milieu professionnel.\u00a0\u00a0<\/p>\n<p style=\"font-weight: 400;\">\n<p style=\"font-weight: 400;\">Tout naturellement que je me suis alors orient\u00e9e vers la m\u00e9diation laissant le mod\u00e8le r\u00e9pressif de c\u00f4t\u00e9 et me penchant davantage sur une vision constructive des relations et du d\u00e9veloppement des individus.\u00a0<\/p>\n<p style=\"font-weight: 400;\">\n<p style=\"font-weight: 400;\">Plus tard,<span>\u00a0 <\/span>je me suis focalis\u00e9e sur la GRH en offrant mes services aux entreprises et aux personnes en tenant compte de la complexit\u00e9 du rapport \u00ab\u00a0individu-travail\u00a0\u00bb.\u00a0J\u2019ai d\u00e9velopp\u00e9 une expertise via de nombreuses formations ainsi que par une exp\u00e9rience au sein de bureaux de placement, de soci\u00e9t\u00e9s de conseils et en tant que recruteur interne.<span>\u00a0 <\/span>D\u00e9sireuse de d\u00e9velopper des projets int\u00e9gr\u00e9s et de combiner R&amp;D et action sur le terrain, j\u2019ai cr\u00e9\u00e9 WingsGo en 2016.<\/p>\n<p>[\/et_pb_text][\/et_pb_column][et_pb_column type=\u00a0\u00bb1_2&Prime; _builder_version=\u00a0\u00bb4.19.0&Prime; _module_preset=\u00a0\u00bbdefault\u00a0\u00bb global_colors_info=\u00a0\u00bb{}\u00a0\u00bb][et_pb_image src=\u00a0\u00bbhttps:\/\/wingsgo.be\/wp-content\/uploads\/2022\/11\/WingsGo2.jpg\u00a0\u00bb title_text=\u00a0\u00bbWingsGo2&Prime; _builder_version=\u00a0\u00bb4.19.0&Prime; _module_preset=\u00a0\u00bbdefault\u00a0\u00bb global_colors_info=\u00a0\u00bb{}\u00a0\u00bb][\/et_pb_image][\/et_pb_column][\/et_pb_row][et_pb_row _builder_version=\u00a0\u00bb4.16&Prime; global_colors_info=\u00a0\u00bb{}\u00a0\u00bb][et_pb_column type=\u00a0\u00bb4_4&Prime; _builder_version=\u00a0\u00bb4.16&Prime; global_colors_info=\u00a0\u00bb{}\u00a0\u00bb][et_pb_text _builder_version=\u00a0\u00bb4.19.0&Prime; global_colors_info=\u00a0\u00bb{}\u00a0\u00bb]<\/p>\n<h2 style=\"text-align: center;\"><strong>Mission<\/strong><\/h2>\n<p>[\/et_pb_text][et_pb_text _builder_version=\u00a0\u00bb4.19.0&Prime; _module_preset=\u00a0\u00bbdefault\u00a0\u00bb global_colors_info=\u00a0\u00bb{}\u00a0\u00bb]<\/p>\n<p style=\"font-weight: 400;\">Je propose aux entreprises et aux particuliers une gamme de services ayant pour objectif commun : identifier et d\u00e9ployer le potentiel individuel et collectif en vue de se d\u00e9velopper durablement.<\/p>\n<p style=\"font-weight: 400;\">[\/et_pb_text][\/et_pb_column][\/et_pb_row][et_pb_row _builder_version=\u00a0\u00bb4.19.0&Prime; _module_preset=\u00a0\u00bbdefault\u00a0\u00bb global_colors_info=\u00a0\u00bb{}\u00a0\u00bb][et_pb_column type=\u00a0\u00bb4_4&Prime; _builder_version=\u00a0\u00bb4.19.0&Prime; _module_preset=\u00a0\u00bbdefault\u00a0\u00bb global_colors_info=\u00a0\u00bb{}\u00a0\u00bb][et_pb_text _builder_version=\u00a0\u00bb4.19.0&Prime; _module_preset=\u00a0\u00bbdefault\u00a0\u00bb global_colors_info=\u00a0\u00bb{}\u00a0\u00bb]<\/p>\n<h2 style=\"text-align: center;\"><strong>Pourquoi me choisir<\/strong><\/h2>\n<p>[\/et_pb_text][et_pb_text _builder_version=\u00a0\u00bb4.19.1&Prime; _module_preset=\u00a0\u00bbdefault\u00a0\u00bb global_colors_info=\u00a0\u00bb{}\u00a0\u00bb]<\/p>\n<h4 style=\"font-weight: 400; text-align: left;\"><strong>Sur mesure<\/strong><\/h4>\n<p style=\"font-weight: 400;\">J\u2019adapte mes services \u00e0 votre r\u00e9alit\u00e9. Chaque projet est unique en fonction des objectifs, des contraintes et des ressources disponibles.<\/p>\n<h4 style=\"font-weight: 400;\"><strong>Expertise<\/strong><\/h4>\n<p style=\"font-weight: 400;\"><strong><\/strong>Je m\u2019appuie sur une exp\u00e9rience professionnelle de plus de 20 ans.\u00a0Attentive aux nouvelles tendances, je mets \u00e0 jour mes comp\u00e9tences de fa\u00e7on proactive en vue de vous guider au mieux. Je vous invite \u00e0 consulter mon profil <strong><a href=\"https:\/\/www.linkedin.com\/in\/carocoumannewingsgo\/\">Linkedin<\/a><\/strong>.<\/p>\n<h4 style=\"font-weight: 400;\"><strong>Partenariat<\/strong><\/h4>\n<p style=\"font-weight: 400;\"><strong><\/strong>Convaincue de la force de la cocr\u00e9ation, je me positionne en partenaire de r\u00e9flexion, de choix et d\u2019\u00e9volution. Par ailleurs, j\u2019active mon r\u00e9seau externe pour r\u00e9pondre \u00e0 des projets \u00e0 grande \u00e9chelle ou n\u00e9cessitant une expertise multidisciplinaire.<\/p>\n<h4 style=\"font-weight: 400;\"><strong>Action<\/strong><\/h4>\n<p style=\"font-weight: 400;\">Toutes mes interventions aboutissent \u00e0 l\u2019\u00e9bauche ou \u00e0 l\u2019\u00e9laboration d\u2019un plan d\u2019action tenant compte du contexte du projet et des diff\u00e9rentes formes de contraintes en pr\u00e9sence.<\/p>\n<h4 style=\"font-weight: 400;\"><strong>D\u00e9veloppement durable<\/strong><\/h4>\n<p style=\"font-weight: 400;\"><strong><\/strong>Agir dans une perspective long terme est primordial. Au &#8211; del\u00e0 des pr\u00e9occupations \u00e9cologiques au sens \u00ab vert \u00bb du terme, il s\u2019agit de favoriser le d\u00e9veloppement individuel et collectif (\u00e9quipe et entreprise) en tenant compte des facteurs \u00e9cologiques, \u00e9conomiques et sociaux . Par ailleurs, diminuer les risques de gaspillage de ressources (temps, argent, \u00e9nergie, savoir-faire) constitue aussi une de mes priorit\u00e9s.<\/p>\n<h4 style=\"font-weight: 400;\"><strong>International<\/strong><\/h4>\n<p style=\"font-weight: 400;\">Je suis mobile et mes prestations sont d\u00e9livr\u00e9es en fran\u00e7ais et en anglais. Je mets un point d\u2019honneur \u00e0 int\u00e9grer la variable culturelle dans mes interventions.<\/p>\n<p>[\/et_pb_text][\/et_pb_column][\/et_pb_row][et_pb_row _builder_version=\u00a0\u00bb4.19.0&Prime; _module_preset=\u00a0\u00bbdefault\u00a0\u00bb global_colors_info=\u00a0\u00bb{}\u00a0\u00bb][et_pb_column type=\u00a0\u00bb4_4&Prime; _builder_version=\u00a0\u00bb4.19.0&Prime; _module_preset=\u00a0\u00bbdefault\u00a0\u00bb global_colors_info=\u00a0\u00bb{}\u00a0\u00bb][et_pb_text _builder_version=\u00a0\u00bb4.19.1&Prime; _module_preset=\u00a0\u00bbdefault\u00a0\u00bb global_colors_info=\u00a0\u00bb{}\u00a0\u00bb]<\/p>\n<h2 style=\"text-align: center;\"><strong>Trois outils f\u00e9tiches<\/strong><\/h2>\n<p>[\/et_pb_text][\/et_pb_column][\/et_pb_row][et_pb_row column_structure=\u00a0\u00bb1_3,1_3,1_3&Prime; _builder_version=\u00a0\u00bb4.19.1&Prime; _module_preset=\u00a0\u00bbdefault\u00a0\u00bb max_height=\u00a0\u00bb1000px\u00a0\u00bb global_colors_info=\u00a0\u00bb{}\u00a0\u00bb][et_pb_column type=\u00a0\u00bb1_3&Prime; _builder_version=\u00a0\u00bb4.19.1&Prime; _module_preset=\u00a0\u00bbdefault\u00a0\u00bb global_colors_info=\u00a0\u00bb{}\u00a0\u00bb][et_pb_image src=\u00a0\u00bbhttps:\/\/wingsgo.be\/wp-content\/uploads\/2022\/11\/SiglewebEnneagramme.png\u00a0\u00bb title_text=\u00a0\u00bbSiglewebEnn\u00e9agramme\u00a0\u00bb url=\u00a0\u00bbhttps:\/\/wingsgo.be\/index.php\/enneagramme-content\/\u00a0\u00bb align=\u00a0\u00bbcenter\u00a0\u00bb _builder_version=\u00a0\u00bb4.19.1&Prime; _module_preset=\u00a0\u00bbdefault\u00a0\u00bb max_height=\u00a0\u00bb150px\u00a0\u00bb global_colors_info=\u00a0\u00bb{}\u00a0\u00bb][\/et_pb_image][\/et_pb_column][et_pb_column type=\u00a0\u00bb1_3&Prime; _builder_version=\u00a0\u00bb4.19.1&Prime; _module_preset=\u00a0\u00bbdefault\u00a0\u00bb global_colors_info=\u00a0\u00bb{}\u00a0\u00bb][et_pb_image src=\u00a0\u00bbhttps:\/\/wingsgo.be\/wp-content\/uploads\/2022\/11\/SiglewebSISEM.png\u00a0\u00bb title_text=\u00a0\u00bbSiglewebSISEM\u00a0\u00bb url=\u00a0\u00bbhttps:\/\/wingsgo.be\/index.php\/sisem\/\u00a0\u00bb align=\u00a0\u00bbcenter\u00a0\u00bb _builder_version=\u00a0\u00bb4.19.1&Prime; _module_preset=\u00a0\u00bbdefault\u00a0\u00bb max_height=\u00a0\u00bb150px\u00a0\u00bb global_colors_info=\u00a0\u00bb{}\u00a0\u00bb][\/et_pb_image][\/et_pb_column][et_pb_column type=\u00a0\u00bb1_3&Prime; _builder_version=\u00a0\u00bb4.19.1&Prime; _module_preset=\u00a0\u00bbdefault\u00a0\u00bb global_colors_info=\u00a0\u00bb{}\u00a0\u00bb][et_pb_image src=\u00a0\u00bbhttps:\/\/wingsgo.be\/wp-content\/uploads\/2022\/11\/SiglewebDesignThinking.png\u00a0\u00bb title_text=\u00a0\u00bbSiglewebDesignThinking\u00a0\u00bb url=\u00a0\u00bbhttps:\/\/wingsgo.be\/index.php\/design-thinking\/\u00a0\u00bb align=\u00a0\u00bbcenter\u00a0\u00bb _builder_version=\u00a0\u00bb4.19.1&Prime; _module_preset=\u00a0\u00bbdefault\u00a0\u00bb max_height=\u00a0\u00bb150px\u00a0\u00bb global_colors_info=\u00a0\u00bb{}\u00a0\u00bb][\/et_pb_image][\/et_pb_column][\/et_pb_row][\/et_pb_section][et_pb_section fb_built=\u00a0\u00bb1&Prime; module_id=\u00a0\u00bbmecontacter\u00a0\u00bb _builder_version=\u00a0\u00bb4.19.0&Prime; background_color=\u00a0\u00bb#1E232D\u00a0\u00bb global_colors_info=\u00a0\u00bb{}\u00a0\u00bb][et_pb_row _builder_version=\u00a0\u00bb4.19.0&Prime; _module_preset=\u00a0\u00bbdefault\u00a0\u00bb global_colors_info=\u00a0\u00bb{}\u00a0\u00bb][et_pb_column type=\u00a0\u00bb4_4&Prime; _builder_version=\u00a0\u00bb4.19.0&Prime; _module_preset=\u00a0\u00bbdefault\u00a0\u00bb global_colors_info=\u00a0\u00bb{}\u00a0\u00bb][et_pb_image src=\u00a0\u00bbhttps:\/\/wingsgo.be\/wp-content\/uploads\/2022\/11\/LogoTypeWingsGoV2022.png\u00a0\u00bb title_text=\u00a0\u00bbLogoTypeWingsGoV2022&Prime; align=\u00a0\u00bbcenter\u00a0\u00bb _builder_version=\u00a0\u00bb4.19.0&Prime; _module_preset=\u00a0\u00bbdefault\u00a0\u00bb max_height=\u00a0\u00bb200px\u00a0\u00bb global_colors_info=\u00a0\u00bb{}\u00a0\u00bb][\/et_pb_image][\/et_pb_column][\/et_pb_row][\/et_pb_section]<\/p>\n","protected":false},"excerpt":{"rendered":"<p>Caroline CoumanneMes proches me d\u00e9crivent comme une \u00ab\u00a0aventuri\u00e8re des temps moderne\u00a0\u00bb, d\u2019autres comme une \u00ab\u00a0boule magique\u00a0\u00bb. Je me retrouve plut\u00f4t bien dans ces deux descriptions qui illustrent mes principales valeurs, \u00e0 savoir\u00a0: l\u2019optimisme, la curiosit\u00e9, la libert\u00e9, le mouvement et la cr\u00e9ativit\u00e9. Passionn\u00e9e par la vie, par la compr\u00e9hension de l\u2019\u00eatre humain et de ses [&hellip;]<\/p>\n","protected":false},"author":1,"featured_media":0,"parent":0,"menu_order":0,"comment_status":"closed","ping_status":"closed","template":"","meta":{"_et_pb_use_builder":"on","_et_pb_old_content":"","_et_gb_content_width":"","footnotes":""},"class_list":["post-42","page","type-page","status-publish","hentry"],"yoast_head":"<!-- This site is optimized with the Yoast SEO plugin v26.8 - https:\/\/yoast.com\/product\/yoast-seo-wordpress\/ -->\n<title>D\u00e9ployez durablement votre potentiel ou celui de vos collaborateurs!<\/title>\n<meta name=\"description\" content=\"Caroline Coumanne propose aux particuliers et aux entreprises une gamme de services ayant pour objectif commun : d\u00e9ployer son potentiel en vue de se d\u00e9velopper durablement dans un contexte propice au bien-\u00eatre individuel et collectif .\" \/>\n<meta name=\"robots\" content=\"index, follow, max-snippet:-1, max-image-preview:large, max-video-preview:-1\" \/>\n<link rel=\"canonical\" href=\"https:\/\/wingsgo.be\/\" \/>\n<meta property=\"og:locale\" content=\"fr_FR\" \/>\n<meta property=\"og:type\" content=\"article\" \/>\n<meta property=\"og:title\" content=\"D\u00e9ployez durablement votre potentiel ou celui de vos collaborateurs!\" \/>\n<meta property=\"og:description\" content=\"Caroline Coumanne propose aux particuliers et aux entreprises une gamme de services ayant pour objectif commun : d\u00e9ployer son potentiel en vue de se d\u00e9velopper durablement dans un contexte propice au bien-\u00eatre individuel et collectif .\" \/>\n<meta property=\"og:url\" content=\"https:\/\/wingsgo.be\/\" \/>\n<meta property=\"og:site_name\" content=\"WingsGo\" \/>\n<meta property=\"article:publisher\" content=\"https:\/\/www.facebook.com\/WingsGo.be\" \/>\n<meta property=\"article:modified_time\" content=\"2025-12-02T23:49:50+00:00\" \/>\n<meta name=\"twitter:card\" content=\"summary_large_image\" \/>\n<meta name=\"twitter:label1\" content=\"Dur\u00e9e de lecture estim\u00e9e\" \/>\n\t<meta name=\"twitter:data1\" content=\"2 minutes\" \/>\n<script type=\"application\/ld+json\" class=\"yoast-schema-graph\">{\"@context\":\"https:\/\/schema.org\",\"@graph\":[{\"@type\":\"WebPage\",\"@id\":\"https:\/\/wingsgo.be\/\",\"url\":\"https:\/\/wingsgo.be\/\",\"name\":\"D\u00e9ployez durablement votre potentiel ou celui de vos collaborateurs!\",\"isPartOf\":{\"@id\":\"https:\/\/wingsgo.be\/#website\"},\"datePublished\":\"2019-11-04T11:52:21+00:00\",\"dateModified\":\"2025-12-02T23:49:50+00:00\",\"description\":\"Caroline Coumanne propose aux particuliers et aux entreprises une gamme de services ayant pour objectif commun : d\u00e9ployer son potentiel en vue de se d\u00e9velopper durablement dans un contexte propice au bien-\u00eatre individuel et collectif .\",\"breadcrumb\":{\"@id\":\"https:\/\/wingsgo.be\/#breadcrumb\"},\"inLanguage\":\"fr-FR\",\"potentialAction\":[{\"@type\":\"ReadAction\",\"target\":[\"https:\/\/wingsgo.be\/\"]}]},{\"@type\":\"BreadcrumbList\",\"@id\":\"https:\/\/wingsgo.be\/#breadcrumb\",\"itemListElement\":[{\"@type\":\"ListItem\",\"position\":1,\"name\":\"Home\",\"item\":\"https:\/\/wingsgo.be\/\"},{\"@type\":\"ListItem\",\"position\":2,\"name\":\"WINGSGO\"}]},{\"@type\":\"WebSite\",\"@id\":\"https:\/\/wingsgo.be\/#website\",\"url\":\"https:\/\/wingsgo.be\/\",\"name\":\"WingsGo\",\"description\":\"Deploy to Enjoy\",\"potentialAction\":[{\"@type\":\"SearchAction\",\"target\":{\"@type\":\"EntryPoint\",\"urlTemplate\":\"https:\/\/wingsgo.be\/?s={search_term_string}\"},\"query-input\":{\"@type\":\"PropertyValueSpecification\",\"valueRequired\":true,\"valueName\":\"search_term_string\"}}],\"inLanguage\":\"fr-FR\"}]}<\/script>\n<!-- \/ Yoast SEO plugin. -->","yoast_head_json":{"title":"D\u00e9ployez durablement votre potentiel ou celui de vos collaborateurs!","description":"Caroline Coumanne propose aux particuliers et aux entreprises une gamme de services ayant pour objectif commun : d\u00e9ployer son potentiel en vue de se d\u00e9velopper durablement dans un contexte propice au bien-\u00eatre individuel et collectif .","robots":{"index":"index","follow":"follow","max-snippet":"max-snippet:-1","max-image-preview":"max-image-preview:large","max-video-preview":"max-video-preview:-1"},"canonical":"https:\/\/wingsgo.be\/","og_locale":"fr_FR","og_type":"article","og_title":"D\u00e9ployez durablement votre potentiel ou celui de vos collaborateurs!","og_description":"Caroline Coumanne propose aux particuliers et aux entreprises une gamme de services ayant pour objectif commun : d\u00e9ployer son potentiel en vue de se d\u00e9velopper durablement dans un contexte propice au bien-\u00eatre individuel et collectif .","og_url":"https:\/\/wingsgo.be\/","og_site_name":"WingsGo","article_publisher":"https:\/\/www.facebook.com\/WingsGo.be","article_modified_time":"2025-12-02T23:49:50+00:00","twitter_card":"summary_large_image","twitter_misc":{"Dur\u00e9e de lecture estim\u00e9e":"2 minutes"},"schema":{"@context":"https:\/\/schema.org","@graph":[{"@type":"WebPage","@id":"https:\/\/wingsgo.be\/","url":"https:\/\/wingsgo.be\/","name":"D\u00e9ployez durablement votre potentiel ou celui de vos collaborateurs!","isPartOf":{"@id":"https:\/\/wingsgo.be\/#website"},"datePublished":"2019-11-04T11:52:21+00:00","dateModified":"2025-12-02T23:49:50+00:00","description":"Caroline Coumanne propose aux particuliers et aux entreprises une gamme de services ayant pour objectif commun : d\u00e9ployer son potentiel en vue de se d\u00e9velopper durablement dans un contexte propice au bien-\u00eatre individuel et collectif .","breadcrumb":{"@id":"https:\/\/wingsgo.be\/#breadcrumb"},"inLanguage":"fr-FR","potentialAction":[{"@type":"ReadAction","target":["https:\/\/wingsgo.be\/"]}]},{"@type":"BreadcrumbList","@id":"https:\/\/wingsgo.be\/#breadcrumb","itemListElement":[{"@type":"ListItem","position":1,"name":"Home","item":"https:\/\/wingsgo.be\/"},{"@type":"ListItem","position":2,"name":"WINGSGO"}]},{"@type":"WebSite","@id":"https:\/\/wingsgo.be\/#website","url":"https:\/\/wingsgo.be\/","name":"WingsGo","description":"Deploy to Enjoy","potentialAction":[{"@type":"SearchAction","target":{"@type":"EntryPoint","urlTemplate":"https:\/\/wingsgo.be\/?s={search_term_string}"},"query-input":{"@type":"PropertyValueSpecification","valueRequired":true,"valueName":"search_term_string"}}],"inLanguage":"fr-FR"}]}},"_links":{"self":[{"href":"https:\/\/wingsgo.be\/index.php\/wp-json\/wp\/v2\/pages\/42","targetHints":{"allow":["GET"]}}],"collection":[{"href":"https:\/\/wingsgo.be\/index.php\/wp-json\/wp\/v2\/pages"}],"about":[{"href":"https:\/\/wingsgo.be\/index.php\/wp-json\/wp\/v2\/types\/page"}],"author":[{"embeddable":true,"href":"https:\/\/wingsgo.be\/index.php\/wp-json\/wp\/v2\/users\/1"}],"replies":[{"embeddable":true,"href":"https:\/\/wingsgo.be\/index.php\/wp-json\/wp\/v2\/comments?post=42"}],"version-history":[{"count":80,"href":"https:\/\/wingsgo.be\/index.php\/wp-json\/wp\/v2\/pages\/42\/revisions"}],"predecessor-version":[{"id":610,"href":"https:\/\/wingsgo.be\/index.php\/wp-json\/wp\/v2\/pages\/42\/revisions\/610"}],"wp:attachment":[{"href":"https:\/\/wingsgo.be\/index.php\/wp-json\/wp\/v2\/media?parent=42"}],"curies":[{"name":"wp","href":"https:\/\/api.w.org\/{rel}","templated":true}]}}