{"id":374,"date":"2022-11-16T17:37:20","date_gmt":"2022-11-16T17:37:20","guid":{"rendered":"https:\/\/wingsgo.be\/?page_id=374"},"modified":"2022-11-23T12:09:48","modified_gmt":"2022-11-23T12:09:48","slug":"accompagnement-2","status":"publish","type":"page","link":"https:\/\/wingsgo.be\/index.php\/accompagnement-2\/","title":{"rendered":"ACCOMPAGNEMENT"},"content":{"rendered":"<p>[et_pb_section fb_built=\u00a0\u00bb1&Prime; _builder_version=\u00a0\u00bb4.19.0&Prime; _module_preset=\u00a0\u00bbdefault\u00a0\u00bb background_color=\u00a0\u00bb#1E232D\u00a0\u00bb global_colors_info=\u00a0\u00bb{}\u00a0\u00bb][et_pb_row _builder_version=\u00a0\u00bb4.19.0&Prime; _module_preset=\u00a0\u00bbdefault\u00a0\u00bb global_colors_info=\u00a0\u00bb{}\u00a0\u00bb][et_pb_column type=\u00a0\u00bb4_4&Prime; _builder_version=\u00a0\u00bb4.19.0&Prime; _module_preset=\u00a0\u00bbdefault\u00a0\u00bb global_colors_info=\u00a0\u00bb{}\u00a0\u00bb][et_pb_text _builder_version=\u00a0\u00bb4.19.0&Prime; _module_preset=\u00a0\u00bbdefault\u00a0\u00bb global_colors_info=\u00a0\u00bb{}\u00a0\u00bb]<\/p>\n<h2><strong>Accompagnement<\/strong><\/h2>\n<p>[\/et_pb_text][et_pb_text _builder_version=\u00a0\u00bb4.19.0&Prime; _module_preset=\u00a0\u00bbdefault\u00a0\u00bb hover_enabled=\u00a0\u00bb0&Prime; global_colors_info=\u00a0\u00bb{}\u00a0\u00bb sticky_enabled=\u00a0\u00bb0&Prime;]<\/p>\n<h4 style=\"font-weight: 400;\"><strong>Quoi\u00a0?<\/strong><\/h4>\n<p style=\"font-weight: 400;\">\n<p style=\"font-weight: 400;\">Ce processus vise \u00e0 g\u00e9n\u00e9rer une transformation positive permettant au partenaire d\u2019\u00eatre autonome lorsqu\u2019il sera confront\u00e9 \u00e0 une situation semblable dans l\u2019avenir.<\/p>\n<p style=\"font-weight: 400;\">Que ce soit pour am\u00e9liorer votre vie professionnelle au quotidien, transformer les changements impos\u00e9s en opportunit\u00e9 ou que vous ressentiez le besoin d\u2019initier vous-m\u00eame un changement, nous fixons ensemble des objectifs clairs et avan\u00e7ons pas \u00e0 pas, faisant appel \u00e0 vos ressources et \u00e0 des outils solides, \u00e9prouv\u00e9s et efficaces.<\/p>\n<p style=\"font-weight: 400;\">\u00a0Je vous propose un accompagnement sur mesure en vous ouvrant entre autres \u00e0 vos diff\u00e9rents centres d\u2019intelligence\u00a0: le centre mental (t\u00eate), le centre \u00e9motionnel (c\u0153ur) et le centre instinctif (ventre\/tripes).<\/p>\n<p style=\"font-weight: 400;\">Mon r\u00f4le est de marcher \u00ab\u00a0 juste un pas derri\u00e8re vous\u00a0\u00bb en tant que partenaire du changement.<\/p>\n<h4 style=\"font-weight: 400;\"><strong><span style=\"color: #edf000;\"><\/span><\/strong><\/h4>\n<h4 style=\"font-weight: 400;\"><strong><span style=\"color: #edf000;\">Pour qui\u00a0?<\/span><\/strong><\/h4>\n<p style=\"font-weight: 400;\">\n<p style=\"font-weight: 400;\">Toute personne qui souhaite am\u00e9liorer son niveau de satisfaction et d\u2019efficacit\u00e9 dans la sph\u00e8re professionnelle. Les accompagnements r\u00e9pondent \u00e0 des besoins individuels ou peuvent s\u2019inscrire dans un parcours de formation et d\u2019accompagnement en entreprise.<\/p>\n<h4 style=\"font-weight: 400;\"><span style=\"color: #edf000;\"><strong><\/strong><\/span><\/h4>\n<h4 style=\"font-weight: 400;\"><span style=\"color: #edf000;\"><strong>Pour quoi?<\/strong><\/span><\/h4>\n<p style=\"font-weight: 400;\"><strong><\/strong><\/p>\n<p style=\"font-weight: 400;\"><strong>La<span>\u00a0 <\/span>carri\u00e8re<\/strong><\/p>\n<ul>\n<li>Clarifier le choix d\u2019une nouvelle carri\u00e8re<\/li>\n<li>\u00c9quilibrer sa vie familiale et professionnelle<\/li>\n<li>Faire un bilan de comp\u00e9tences<\/li>\n<li>D\u00e9velopper un plan de carri\u00e8re<\/li>\n<li>Booster sa motivation et accro\u00eetre sa performance dans un poste<\/li>\n<li>G\u00e9rer une \u00e9volution de carri\u00e8re ou faciliter un changement de carri\u00e8re<\/li>\n<li>D\u00e9velopper son propre business<\/li>\n<li>Optimiser sa strat\u00e9gie de recherche d\u2019emploi<\/li>\n<li>Pr\u00e9parer un entretien, une proc\u00e9dure de s\u00e9lection<\/li>\n<li>Faire le point pendant ou apr\u00e8s une maladie de longue dur\u00e9e<\/li>\n<\/ul>\n<p style=\"font-weight: 400;\"><strong>La communication<\/strong><\/p>\n<ul>\n<li>Apprendre \u00e0 communiquer plus efficacement, \u00e0 convaincre ou n\u00e9gocier<\/li>\n<li>Apprendre \u00e0 parler en public<\/li>\n<li>Augmenter son assertivit\u00e9<\/li>\n<li>Savoir se vendre et se valoriser\/ <em>Personal Branding <\/em><\/li>\n<li>Mieux g\u00e9rer les conflits avec ses \u00e9quipes ou avec sa hi\u00e9rarchie<\/li>\n<li>Management situationnel<\/li>\n<li>Donner du feed-back, annoncer une mauvaise nouvelle<\/li>\n<\/ul>\n<p style=\"font-weight: 400;\"><strong>\u00catre acteur du changement<\/strong><\/p>\n<ul>\n<li>Prendre une nouvelle fonction avec plus de s\u00e9r\u00e9nit\u00e9 et de confiance<\/li>\n<li>Adapter son comportement \u00e0 de nouveaux enjeux<\/li>\n<li>Prendre confiance en soi au travail ou reprendre confiance en soi au travail<\/li>\n<li>Mieux vivre une rupture professionnelle (licenciement, fusion, retraite etc.)<\/li>\n<\/ul>\n<p style=\"font-weight: 400;\"><strong>Coaching de coaches<\/strong><\/p>\n<ul>\n<li>Supervisions collectives ou individuelles bas\u00e9es sur des cas issus de votre pratique<\/li>\n<li>Identification de votre style de coaching, de vos atouts et de vos zones d\u2019ombres<\/li>\n<li>Accompagnement sur des aspects plus sp\u00e9cifiques\/difficult\u00e9s\/limites\/inconfort qui impactent de votre pratique de coach<\/li>\n<\/ul>\n<h4 style=\"font-weight: 400;\"><strong><\/strong><\/h4>\n<h4 style=\"font-weight: 400;\"><strong><\/strong><\/h4>\n<h4 style=\"font-weight: 400;\"><strong>Comment\u00a0?<\/strong><\/h4>\n<p style=\"font-weight: 400;\"><strong><u><span><\/span><\/u><\/strong><\/p>\n<p style=\"font-weight: 400;\">S\u00e9ances d\u20191h-1h30 \u00e0 mon bureau \u00e0 Li\u00e8ge, en entreprise ou en visioconf\u00e9rence.<\/p>\n<p>[\/et_pb_text][\/et_pb_column][\/et_pb_row][et_pb_row _builder_version=\u00a0\u00bb4.19.0&Prime; _module_preset=\u00a0\u00bbdefault\u00a0\u00bb global_colors_info=\u00a0\u00bb{}\u00a0\u00bb][et_pb_column type=\u00a0\u00bb4_4&Prime; _builder_version=\u00a0\u00bb4.19.0&Prime; _module_preset=\u00a0\u00bbdefault\u00a0\u00bb global_colors_info=\u00a0\u00bb{}\u00a0\u00bb][et_pb_button button_url=\u00a0\u00bbhttps:\/\/wingsgo.be\/#mecontacter\u00a0\u00bb button_text=\u00a0\u00bbpour en savoir plus me contacter\u00a0\u00bb _builder_version=\u00a0\u00bb4.19.0&Prime; _module_preset=\u00a0\u00bbdefault\u00a0\u00bb custom_button=\u00a0\u00bbon\u00a0\u00bb button_border_width=\u00a0\u00bb2px\u00a0\u00bb button_border_radius=\u00a0\u00bb30px\u00a0\u00bb global_colors_info=\u00a0\u00bb{}\u00a0\u00bb][\/et_pb_button][\/et_pb_column][\/et_pb_row][et_pb_row _builder_version=\u00a0\u00bb4.19.0&Prime; _module_preset=\u00a0\u00bbdefault\u00a0\u00bb global_colors_info=\u00a0\u00bb{}\u00a0\u00bb][et_pb_column type=\u00a0\u00bb4_4&Prime; _builder_version=\u00a0\u00bb4.19.0&Prime; _module_preset=\u00a0\u00bbdefault\u00a0\u00bb global_colors_info=\u00a0\u00bb{}\u00a0\u00bb][et_pb_image src=\u00a0\u00bbhttps:\/\/wingsgo.be\/wp-content\/uploads\/2022\/11\/LogoTypeWingsGoV2022.png\u00a0\u00bb title_text=\u00a0\u00bbLogoTypeWingsGoV2022&Prime; align=\u00a0\u00bbcenter\u00a0\u00bb _builder_version=\u00a0\u00bb4.19.0&Prime; _module_preset=\u00a0\u00bbdefault\u00a0\u00bb max_height=\u00a0\u00bb200px\u00a0\u00bb global_colors_info=\u00a0\u00bb{}\u00a0\u00bb][\/et_pb_image][\/et_pb_column][\/et_pb_row][\/et_pb_section]<\/p>\n","protected":false},"excerpt":{"rendered":"<p>AccompagnementQuoi\u00a0? Ce processus vise \u00e0 g\u00e9n\u00e9rer une transformation positive permettant au partenaire d\u2019\u00eatre autonome lorsqu\u2019il sera confront\u00e9 \u00e0 une situation semblable dans l\u2019avenir. Que ce soit pour am\u00e9liorer votre vie professionnelle au quotidien, transformer les changements impos\u00e9s en opportunit\u00e9 ou que vous ressentiez le besoin d\u2019initier vous-m\u00eame un changement, nous fixons ensemble des objectifs clairs [&hellip;]<\/p>\n","protected":false},"author":1,"featured_media":0,"parent":0,"menu_order":0,"comment_status":"closed","ping_status":"closed","template":"","meta":{"_et_pb_use_builder":"on","_et_pb_old_content":"","_et_gb_content_width":"","footnotes":""},"class_list":["post-374","page","type-page","status-publish","hentry"],"yoast_head":"<!-- This site is optimized with the Yoast SEO plugin v26.8 - https:\/\/yoast.com\/product\/yoast-seo-wordpress\/ -->\n<title>ACCOMPAGNEMENT - WingsGo<\/title>\n<meta name=\"robots\" content=\"index, follow, max-snippet:-1, max-image-preview:large, max-video-preview:-1\" \/>\n<link rel=\"canonical\" href=\"https:\/\/wingsgo.be\/index.php\/accompagnement-2\/\" \/>\n<meta property=\"og:locale\" content=\"fr_FR\" \/>\n<meta property=\"og:type\" content=\"article\" \/>\n<meta property=\"og:title\" content=\"ACCOMPAGNEMENT - WingsGo\" \/>\n<meta property=\"og:description\" content=\"AccompagnementQuoi\u00a0? Ce processus vise \u00e0 g\u00e9n\u00e9rer une transformation positive permettant au partenaire d\u2019\u00eatre autonome lorsqu\u2019il sera confront\u00e9 \u00e0 une situation semblable dans l\u2019avenir. Que ce soit pour am\u00e9liorer votre vie professionnelle au quotidien, transformer les changements impos\u00e9s en opportunit\u00e9 ou que vous ressentiez le besoin d\u2019initier vous-m\u00eame un changement, nous fixons ensemble des objectifs clairs [&hellip;]\" \/>\n<meta property=\"og:url\" content=\"https:\/\/wingsgo.be\/index.php\/accompagnement-2\/\" \/>\n<meta property=\"og:site_name\" content=\"WingsGo\" \/>\n<meta property=\"article:publisher\" content=\"https:\/\/www.facebook.com\/WingsGo.be\" \/>\n<meta property=\"article:modified_time\" content=\"2022-11-23T12:09:48+00:00\" \/>\n<meta name=\"twitter:card\" content=\"summary_large_image\" \/>\n<meta name=\"twitter:label1\" content=\"Dur\u00e9e de lecture estim\u00e9e\" \/>\n\t<meta name=\"twitter:data1\" content=\"1 minute\" \/>\n<script type=\"application\/ld+json\" class=\"yoast-schema-graph\">{\"@context\":\"https:\/\/schema.org\",\"@graph\":[{\"@type\":\"WebPage\",\"@id\":\"https:\/\/wingsgo.be\/index.php\/accompagnement-2\/\",\"url\":\"https:\/\/wingsgo.be\/index.php\/accompagnement-2\/\",\"name\":\"ACCOMPAGNEMENT - WingsGo\",\"isPartOf\":{\"@id\":\"https:\/\/wingsgo.be\/#website\"},\"datePublished\":\"2022-11-16T17:37:20+00:00\",\"dateModified\":\"2022-11-23T12:09:48+00:00\",\"breadcrumb\":{\"@id\":\"https:\/\/wingsgo.be\/index.php\/accompagnement-2\/#breadcrumb\"},\"inLanguage\":\"fr-FR\",\"potentialAction\":[{\"@type\":\"ReadAction\",\"target\":[\"https:\/\/wingsgo.be\/index.php\/accompagnement-2\/\"]}]},{\"@type\":\"BreadcrumbList\",\"@id\":\"https:\/\/wingsgo.be\/index.php\/accompagnement-2\/#breadcrumb\",\"itemListElement\":[{\"@type\":\"ListItem\",\"position\":1,\"name\":\"Home\",\"item\":\"https:\/\/wingsgo.be\/\"},{\"@type\":\"ListItem\",\"position\":2,\"name\":\"ACCOMPAGNEMENT\"}]},{\"@type\":\"WebSite\",\"@id\":\"https:\/\/wingsgo.be\/#website\",\"url\":\"https:\/\/wingsgo.be\/\",\"name\":\"WingsGo\",\"description\":\"Deploy to Enjoy\",\"potentialAction\":[{\"@type\":\"SearchAction\",\"target\":{\"@type\":\"EntryPoint\",\"urlTemplate\":\"https:\/\/wingsgo.be\/?s={search_term_string}\"},\"query-input\":{\"@type\":\"PropertyValueSpecification\",\"valueRequired\":true,\"valueName\":\"search_term_string\"}}],\"inLanguage\":\"fr-FR\"}]}<\/script>\n<!-- \/ Yoast SEO plugin. -->","yoast_head_json":{"title":"ACCOMPAGNEMENT - WingsGo","robots":{"index":"index","follow":"follow","max-snippet":"max-snippet:-1","max-image-preview":"max-image-preview:large","max-video-preview":"max-video-preview:-1"},"canonical":"https:\/\/wingsgo.be\/index.php\/accompagnement-2\/","og_locale":"fr_FR","og_type":"article","og_title":"ACCOMPAGNEMENT - WingsGo","og_description":"AccompagnementQuoi\u00a0? Ce processus vise \u00e0 g\u00e9n\u00e9rer une transformation positive permettant au partenaire d\u2019\u00eatre autonome lorsqu\u2019il sera confront\u00e9 \u00e0 une situation semblable dans l\u2019avenir. Que ce soit pour am\u00e9liorer votre vie professionnelle au quotidien, transformer les changements impos\u00e9s en opportunit\u00e9 ou que vous ressentiez le besoin d\u2019initier vous-m\u00eame un changement, nous fixons ensemble des objectifs clairs [&hellip;]","og_url":"https:\/\/wingsgo.be\/index.php\/accompagnement-2\/","og_site_name":"WingsGo","article_publisher":"https:\/\/www.facebook.com\/WingsGo.be","article_modified_time":"2022-11-23T12:09:48+00:00","twitter_card":"summary_large_image","twitter_misc":{"Dur\u00e9e de lecture estim\u00e9e":"1 minute"},"schema":{"@context":"https:\/\/schema.org","@graph":[{"@type":"WebPage","@id":"https:\/\/wingsgo.be\/index.php\/accompagnement-2\/","url":"https:\/\/wingsgo.be\/index.php\/accompagnement-2\/","name":"ACCOMPAGNEMENT - WingsGo","isPartOf":{"@id":"https:\/\/wingsgo.be\/#website"},"datePublished":"2022-11-16T17:37:20+00:00","dateModified":"2022-11-23T12:09:48+00:00","breadcrumb":{"@id":"https:\/\/wingsgo.be\/index.php\/accompagnement-2\/#breadcrumb"},"inLanguage":"fr-FR","potentialAction":[{"@type":"ReadAction","target":["https:\/\/wingsgo.be\/index.php\/accompagnement-2\/"]}]},{"@type":"BreadcrumbList","@id":"https:\/\/wingsgo.be\/index.php\/accompagnement-2\/#breadcrumb","itemListElement":[{"@type":"ListItem","position":1,"name":"Home","item":"https:\/\/wingsgo.be\/"},{"@type":"ListItem","position":2,"name":"ACCOMPAGNEMENT"}]},{"@type":"WebSite","@id":"https:\/\/wingsgo.be\/#website","url":"https:\/\/wingsgo.be\/","name":"WingsGo","description":"Deploy to Enjoy","potentialAction":[{"@type":"SearchAction","target":{"@type":"EntryPoint","urlTemplate":"https:\/\/wingsgo.be\/?s={search_term_string}"},"query-input":{"@type":"PropertyValueSpecification","valueRequired":true,"valueName":"search_term_string"}}],"inLanguage":"fr-FR"}]}},"_links":{"self":[{"href":"https:\/\/wingsgo.be\/index.php\/wp-json\/wp\/v2\/pages\/374","targetHints":{"allow":["GET"]}}],"collection":[{"href":"https:\/\/wingsgo.be\/index.php\/wp-json\/wp\/v2\/pages"}],"about":[{"href":"https:\/\/wingsgo.be\/index.php\/wp-json\/wp\/v2\/types\/page"}],"author":[{"embeddable":true,"href":"https:\/\/wingsgo.be\/index.php\/wp-json\/wp\/v2\/users\/1"}],"replies":[{"embeddable":true,"href":"https:\/\/wingsgo.be\/index.php\/wp-json\/wp\/v2\/comments?post=374"}],"version-history":[{"count":7,"href":"https:\/\/wingsgo.be\/index.php\/wp-json\/wp\/v2\/pages\/374\/revisions"}],"predecessor-version":[{"id":506,"href":"https:\/\/wingsgo.be\/index.php\/wp-json\/wp\/v2\/pages\/374\/revisions\/506"}],"wp:attachment":[{"href":"https:\/\/wingsgo.be\/index.php\/wp-json\/wp\/v2\/media?parent=374"}],"curies":[{"name":"wp","href":"https:\/\/api.w.org\/{rel}","templated":true}]}}