{"id":355,"date":"2022-11-16T16:33:38","date_gmt":"2022-11-16T16:33:38","guid":{"rendered":"https:\/\/wingsgo.be\/?page_id=355"},"modified":"2022-11-24T21:47:29","modified_gmt":"2022-11-24T21:47:29","slug":"recrutement-et-selection","status":"publish","type":"page","link":"https:\/\/wingsgo.be\/index.php\/recrutement-et-selection\/","title":{"rendered":"RECRUTEMENT ET SELECTION"},"content":{"rendered":"<p>[et_pb_section fb_built=\u00a0\u00bb1&Prime; _builder_version=\u00a0\u00bb4.19.0&Prime; _module_preset=\u00a0\u00bbdefault\u00a0\u00bb background_color=\u00a0\u00bb#1E232D\u00a0\u00bb global_colors_info=\u00a0\u00bb{}\u00a0\u00bb][et_pb_row _builder_version=\u00a0\u00bb4.19.0&Prime; _module_preset=\u00a0\u00bbdefault\u00a0\u00bb global_colors_info=\u00a0\u00bb{}\u00a0\u00bb][et_pb_column type=\u00a0\u00bb4_4&Prime; _builder_version=\u00a0\u00bb4.19.0&Prime; _module_preset=\u00a0\u00bbdefault\u00a0\u00bb global_colors_info=\u00a0\u00bb{}\u00a0\u00bb][et_pb_text _builder_version=\u00a0\u00bb4.19.0&Prime; _module_preset=\u00a0\u00bbdefault\u00a0\u00bb hover_enabled=\u00a0\u00bb0&Prime; global_colors_info=\u00a0\u00bb{}\u00a0\u00bb sticky_enabled=\u00a0\u00bb0&Prime;]<\/p>\n<h2><strong>(e)Recrutement et S\u00e9lection<\/strong><\/h2>\n<p>[\/et_pb_text][et_pb_text _builder_version=\u00a0\u00bb4.19.0&Prime; _module_preset=\u00a0\u00bbdefault\u00a0\u00bb global_colors_info=\u00a0\u00bb{}\u00a0\u00bb]<\/p>\n<p style=\"font-weight: 400;\">Je m\u00e8ne la campagne de recrutement et s\u00e9lection de A \u00e0 Z seule, en \u00e9quipe et\/ ou en partenariat avec des fournisseurs sp\u00e9cialis\u00e9s. J\u2019accompagne les managers de terrain dans l\u2019identification\/la clarification de leurs besoins. Je les soutiens dans les diff\u00e9rentes \u00e9tapes et met l\u2019accent sur la transmission de certaines comp\u00e9tences RH en vue de les faire gagner en autonomie et en confort.<\/p>\n<p style=\"font-weight: 400;\">Au-del\u00e0 des comp\u00e9tences techniques, j\u2019accorde une attention particuli\u00e8re aux moteurs de motivation, aux <em>soft skills<\/em>, aux valeurs des candidats que je rencontre. Je m&rsquo;att\u00e8le \u00e0 rester inform\u00e9e et \u00e0 int\u00e9grer les nouveaux enjeux RH tels que\u00a0: l\u2019<em>Employer branding<\/em>, la digitalisation, l\u2019exp\u00e9rience candidat, la multiculturalit\u00e9, les nouvelles modalit\u00e9s de travail, l\u2019internalisation des recrutement, l\u2019\u00e9volution des d\u00e9sid\u00e9ratas de candidats, la volatilit\u00e9 du march\u00e9 de l\u2019emploi, et le marketing RH \u2026Ni n\u00e9cessaire, je sais faire preuve de<span>\u00a0 <\/span>cr\u00e9ativit\u00e9, pour parer \u00e0 la p\u00e9nurie de certains profils.<\/p>\n<p style=\"font-weight: 400;\"><strong>\u00a0<\/strong><\/p>\n<p style=\"font-weight: 400;\">\u00ab\u00a0<em>Caroline a effectu\u00e9 une mission d&rsquo;un peu plus de 2 ans au sein du d\u00e9partement Ressources Humaines de l&rsquo;entreprise en renfort pour le recrutement de cadres.\u00a0J&rsquo;ai pu appr\u00e9cier son approche \u00e0 la fois tr\u00e8s professionnelle et moderne du recrutement.\u00a0Ses qualit\u00e9s humaines et sa facult\u00e9 d&rsquo;adaptation \u00e0 notre environnement ont \u00e9t\u00e9 de r\u00e9els atouts et ont grandement contribu\u00e9 \u00e0 faire de cette mission un vrai succ\u00e8s.\u00a0Sans h\u00e9siter pour une prochaine fois\u00a0!<\/em>\u00a0\u00bb<\/p>\n<p style=\"font-weight: 400;\"><span style=\"color: #ffff00;\"><strong>Didier GOBERT Directeur des Ressources Humaines &#8211; Gestion des cadres et Personnel International at Groupe Herstal<\/strong><\/span><\/p>\n<p style=\"font-weight: 400;\">\n<p style=\"font-weight: 400;\">\u00ab\u00a0<em>J&rsquo;ai collabor\u00e9 avec Caroline pour le recrutement de cadres. Caroline a support\u00e9 l&rsquo;organisation pour\u00a0:<\/em><\/p>\n<ul>\n<li style=\"font-weight: 400;\"><em>\u00e9valuer les candidatures internes comme externes<\/em><\/li>\n<li style=\"font-weight: 400;\"><em>assurer un feedback personnalis\u00e9 aux candidat(e)s non retenu(e)s<\/em><\/li>\n<li style=\"font-weight: 400;\"><em>suivre les candidatures retenues jusqu&rsquo;\u00e0 la concr\u00e9tisation du recrutement<\/em><\/li>\n<\/ul>\n<p style=\"font-weight: 400;\"><em>La qualit\u00e9 de sa communication \u00e0 la fois sobre, pr\u00e9cise et nette permet aux candidats de saisir les enjeux, d&rsquo;exprimer leurs valeurs et attentes, d&rsquo;entendre les remarques concernant aussi bien leurs points forts que les opportunit\u00e9s de d\u00e9veloppement.\u00a0Caroline est \u00e0 l&rsquo;aise dans toutes les phases de communication et permet \u00e0 ses interlocuteurs de s&rsquo;exprimer, mais aussi de rester cadr\u00e9s sur l&rsquo;enjeu.\u00a0L&rsquo;analyse entre les candidatures et le profil recherch\u00e9 \u00e9tait pertinente et argument\u00e9e. Ce qui a support\u00e9 et guid\u00e9 les d\u00e9cisions de l&rsquo;organisation.<\/em>\u00a0\u00bb<\/p>\n<p style=\"font-weight: 400;\"><span style=\"color: #edf000;\"><strong>St\u00e9phane BLIN Commercial &amp; Administration Director at Browning International S.A<\/strong><\/span>.<\/p>\n<p>[\/et_pb_text][\/et_pb_column][\/et_pb_row][et_pb_row _builder_version=\u00a0\u00bb4.19.0&Prime; _module_preset=\u00a0\u00bbdefault\u00a0\u00bb global_colors_info=\u00a0\u00bb{}\u00a0\u00bb][et_pb_column type=\u00a0\u00bb4_4&Prime; _builder_version=\u00a0\u00bb4.19.0&Prime; _module_preset=\u00a0\u00bbdefault\u00a0\u00bb global_colors_info=\u00a0\u00bb{}\u00a0\u00bb][et_pb_button button_url=\u00a0\u00bbhttps:\/\/wingsgo.be\/#mecontacter\u00a0\u00bb button_text=\u00a0\u00bbpour en savoir plus me contacter\u00a0\u00bb _builder_version=\u00a0\u00bb4.19.0&Prime; _module_preset=\u00a0\u00bbdefault\u00a0\u00bb custom_button=\u00a0\u00bbon\u00a0\u00bb button_border_width=\u00a0\u00bb2px\u00a0\u00bb button_border_radius=\u00a0\u00bb30px\u00a0\u00bb global_colors_info=\u00a0\u00bb{}\u00a0\u00bb][\/et_pb_button][\/et_pb_column][\/et_pb_row][et_pb_row _builder_version=\u00a0\u00bb4.19.0&Prime; _module_preset=\u00a0\u00bbdefault\u00a0\u00bb global_colors_info=\u00a0\u00bb{}\u00a0\u00bb][et_pb_column type=\u00a0\u00bb4_4&Prime; _builder_version=\u00a0\u00bb4.19.0&Prime; _module_preset=\u00a0\u00bbdefault\u00a0\u00bb global_colors_info=\u00a0\u00bb{}\u00a0\u00bb][et_pb_image src=\u00a0\u00bbhttps:\/\/wingsgo.be\/wp-content\/uploads\/2022\/11\/LogoTypeWingsGoV2022.png\u00a0\u00bb title_text=\u00a0\u00bbLogoTypeWingsGoV2022&Prime; align=\u00a0\u00bbcenter\u00a0\u00bb _builder_version=\u00a0\u00bb4.19.0&Prime; _module_preset=\u00a0\u00bbdefault\u00a0\u00bb max_height=\u00a0\u00bb200px\u00a0\u00bb global_colors_info=\u00a0\u00bb{}\u00a0\u00bb][\/et_pb_image][\/et_pb_column][\/et_pb_row][\/et_pb_section]<\/p>\n","protected":false},"excerpt":{"rendered":"<p>(e)Recrutement et S\u00e9lectionJe m\u00e8ne la campagne de recrutement et s\u00e9lection de A \u00e0 Z seule, en \u00e9quipe et\/ ou en partenariat avec des fournisseurs sp\u00e9cialis\u00e9s. J\u2019accompagne les managers de terrain dans l\u2019identification\/la clarification de leurs besoins. Je les soutiens dans les diff\u00e9rentes \u00e9tapes et met l\u2019accent sur la transmission de certaines comp\u00e9tences RH en vue [&hellip;]<\/p>\n","protected":false},"author":1,"featured_media":0,"parent":0,"menu_order":0,"comment_status":"closed","ping_status":"closed","template":"","meta":{"_et_pb_use_builder":"on","_et_pb_old_content":"","_et_gb_content_width":"","footnotes":""},"class_list":["post-355","page","type-page","status-publish","hentry"],"yoast_head":"<!-- This site is optimized with the Yoast SEO plugin v26.8 - https:\/\/yoast.com\/product\/yoast-seo-wordpress\/ -->\n<title>RECRUTEMENT ET SELECTION - WingsGo<\/title>\n<meta name=\"robots\" content=\"index, follow, max-snippet:-1, max-image-preview:large, max-video-preview:-1\" \/>\n<link rel=\"canonical\" href=\"https:\/\/wingsgo.be\/index.php\/recrutement-et-selection\/\" \/>\n<meta property=\"og:locale\" content=\"fr_FR\" \/>\n<meta property=\"og:type\" content=\"article\" \/>\n<meta property=\"og:title\" content=\"RECRUTEMENT ET SELECTION - WingsGo\" \/>\n<meta property=\"og:description\" content=\"(e)Recrutement et S\u00e9lectionJe m\u00e8ne la campagne de recrutement et s\u00e9lection de A \u00e0 Z seule, en \u00e9quipe et\/ ou en partenariat avec des fournisseurs sp\u00e9cialis\u00e9s. J\u2019accompagne les managers de terrain dans l\u2019identification\/la clarification de leurs besoins. Je les soutiens dans les diff\u00e9rentes \u00e9tapes et met l\u2019accent sur la transmission de certaines comp\u00e9tences RH en vue [&hellip;]\" \/>\n<meta property=\"og:url\" content=\"https:\/\/wingsgo.be\/index.php\/recrutement-et-selection\/\" \/>\n<meta property=\"og:site_name\" content=\"WingsGo\" \/>\n<meta property=\"article:publisher\" content=\"https:\/\/www.facebook.com\/WingsGo.be\" \/>\n<meta property=\"article:modified_time\" content=\"2022-11-24T21:47:29+00:00\" \/>\n<meta name=\"twitter:card\" content=\"summary_large_image\" \/>\n<meta name=\"twitter:label1\" content=\"Dur\u00e9e de lecture estim\u00e9e\" \/>\n\t<meta name=\"twitter:data1\" content=\"1 minute\" \/>\n<script type=\"application\/ld+json\" class=\"yoast-schema-graph\">{\"@context\":\"https:\/\/schema.org\",\"@graph\":[{\"@type\":\"WebPage\",\"@id\":\"https:\/\/wingsgo.be\/index.php\/recrutement-et-selection\/\",\"url\":\"https:\/\/wingsgo.be\/index.php\/recrutement-et-selection\/\",\"name\":\"RECRUTEMENT ET SELECTION - WingsGo\",\"isPartOf\":{\"@id\":\"https:\/\/wingsgo.be\/#website\"},\"datePublished\":\"2022-11-16T16:33:38+00:00\",\"dateModified\":\"2022-11-24T21:47:29+00:00\",\"breadcrumb\":{\"@id\":\"https:\/\/wingsgo.be\/index.php\/recrutement-et-selection\/#breadcrumb\"},\"inLanguage\":\"fr-FR\",\"potentialAction\":[{\"@type\":\"ReadAction\",\"target\":[\"https:\/\/wingsgo.be\/index.php\/recrutement-et-selection\/\"]}]},{\"@type\":\"BreadcrumbList\",\"@id\":\"https:\/\/wingsgo.be\/index.php\/recrutement-et-selection\/#breadcrumb\",\"itemListElement\":[{\"@type\":\"ListItem\",\"position\":1,\"name\":\"Home\",\"item\":\"https:\/\/wingsgo.be\/\"},{\"@type\":\"ListItem\",\"position\":2,\"name\":\"RECRUTEMENT ET SELECTION\"}]},{\"@type\":\"WebSite\",\"@id\":\"https:\/\/wingsgo.be\/#website\",\"url\":\"https:\/\/wingsgo.be\/\",\"name\":\"WingsGo\",\"description\":\"Deploy to Enjoy\",\"potentialAction\":[{\"@type\":\"SearchAction\",\"target\":{\"@type\":\"EntryPoint\",\"urlTemplate\":\"https:\/\/wingsgo.be\/?s={search_term_string}\"},\"query-input\":{\"@type\":\"PropertyValueSpecification\",\"valueRequired\":true,\"valueName\":\"search_term_string\"}}],\"inLanguage\":\"fr-FR\"}]}<\/script>\n<!-- \/ Yoast SEO plugin. -->","yoast_head_json":{"title":"RECRUTEMENT ET SELECTION - WingsGo","robots":{"index":"index","follow":"follow","max-snippet":"max-snippet:-1","max-image-preview":"max-image-preview:large","max-video-preview":"max-video-preview:-1"},"canonical":"https:\/\/wingsgo.be\/index.php\/recrutement-et-selection\/","og_locale":"fr_FR","og_type":"article","og_title":"RECRUTEMENT ET SELECTION - WingsGo","og_description":"(e)Recrutement et S\u00e9lectionJe m\u00e8ne la campagne de recrutement et s\u00e9lection de A \u00e0 Z seule, en \u00e9quipe et\/ ou en partenariat avec des fournisseurs sp\u00e9cialis\u00e9s. J\u2019accompagne les managers de terrain dans l\u2019identification\/la clarification de leurs besoins. Je les soutiens dans les diff\u00e9rentes \u00e9tapes et met l\u2019accent sur la transmission de certaines comp\u00e9tences RH en vue [&hellip;]","og_url":"https:\/\/wingsgo.be\/index.php\/recrutement-et-selection\/","og_site_name":"WingsGo","article_publisher":"https:\/\/www.facebook.com\/WingsGo.be","article_modified_time":"2022-11-24T21:47:29+00:00","twitter_card":"summary_large_image","twitter_misc":{"Dur\u00e9e de lecture estim\u00e9e":"1 minute"},"schema":{"@context":"https:\/\/schema.org","@graph":[{"@type":"WebPage","@id":"https:\/\/wingsgo.be\/index.php\/recrutement-et-selection\/","url":"https:\/\/wingsgo.be\/index.php\/recrutement-et-selection\/","name":"RECRUTEMENT ET SELECTION - WingsGo","isPartOf":{"@id":"https:\/\/wingsgo.be\/#website"},"datePublished":"2022-11-16T16:33:38+00:00","dateModified":"2022-11-24T21:47:29+00:00","breadcrumb":{"@id":"https:\/\/wingsgo.be\/index.php\/recrutement-et-selection\/#breadcrumb"},"inLanguage":"fr-FR","potentialAction":[{"@type":"ReadAction","target":["https:\/\/wingsgo.be\/index.php\/recrutement-et-selection\/"]}]},{"@type":"BreadcrumbList","@id":"https:\/\/wingsgo.be\/index.php\/recrutement-et-selection\/#breadcrumb","itemListElement":[{"@type":"ListItem","position":1,"name":"Home","item":"https:\/\/wingsgo.be\/"},{"@type":"ListItem","position":2,"name":"RECRUTEMENT ET SELECTION"}]},{"@type":"WebSite","@id":"https:\/\/wingsgo.be\/#website","url":"https:\/\/wingsgo.be\/","name":"WingsGo","description":"Deploy to Enjoy","potentialAction":[{"@type":"SearchAction","target":{"@type":"EntryPoint","urlTemplate":"https:\/\/wingsgo.be\/?s={search_term_string}"},"query-input":{"@type":"PropertyValueSpecification","valueRequired":true,"valueName":"search_term_string"}}],"inLanguage":"fr-FR"}]}},"_links":{"self":[{"href":"https:\/\/wingsgo.be\/index.php\/wp-json\/wp\/v2\/pages\/355","targetHints":{"allow":["GET"]}}],"collection":[{"href":"https:\/\/wingsgo.be\/index.php\/wp-json\/wp\/v2\/pages"}],"about":[{"href":"https:\/\/wingsgo.be\/index.php\/wp-json\/wp\/v2\/types\/page"}],"author":[{"embeddable":true,"href":"https:\/\/wingsgo.be\/index.php\/wp-json\/wp\/v2\/users\/1"}],"replies":[{"embeddable":true,"href":"https:\/\/wingsgo.be\/index.php\/wp-json\/wp\/v2\/comments?post=355"}],"version-history":[{"count":8,"href":"https:\/\/wingsgo.be\/index.php\/wp-json\/wp\/v2\/pages\/355\/revisions"}],"predecessor-version":[{"id":552,"href":"https:\/\/wingsgo.be\/index.php\/wp-json\/wp\/v2\/pages\/355\/revisions\/552"}],"wp:attachment":[{"href":"https:\/\/wingsgo.be\/index.php\/wp-json\/wp\/v2\/media?parent=355"}],"curies":[{"name":"wp","href":"https:\/\/api.w.org\/{rel}","templated":true}]}}