{"id":350,"date":"2022-11-16T16:27:21","date_gmt":"2022-11-16T16:27:21","guid":{"rendered":"https:\/\/wingsgo.be\/?page_id=350"},"modified":"2022-11-23T12:08:02","modified_gmt":"2022-11-23T12:08:02","slug":"formations","status":"publish","type":"page","link":"https:\/\/wingsgo.be\/index.php\/formations\/","title":{"rendered":"Formations"},"content":{"rendered":"<p>[et_pb_section fb_built=\u00a0\u00bb1&Prime; _builder_version=\u00a0\u00bb4.19.0&Prime; _module_preset=\u00a0\u00bbdefault\u00a0\u00bb background_color=\u00a0\u00bb#1E232D\u00a0\u00bb global_colors_info=\u00a0\u00bb{}\u00a0\u00bb][et_pb_row _builder_version=\u00a0\u00bb4.19.0&Prime; _module_preset=\u00a0\u00bbdefault\u00a0\u00bb global_colors_info=\u00a0\u00bb{}\u00a0\u00bb][et_pb_column type=\u00a0\u00bb4_4&Prime; _builder_version=\u00a0\u00bb4.19.0&Prime; _module_preset=\u00a0\u00bbdefault\u00a0\u00bb global_colors_info=\u00a0\u00bb{}\u00a0\u00bb][et_pb_text _builder_version=\u00a0\u00bb4.19.0&Prime; _module_preset=\u00a0\u00bbdefault\u00a0\u00bb global_colors_info=\u00a0\u00bb{}\u00a0\u00bb]<\/p>\n<h2><strong>Formations<\/strong><\/h2>\n<p>[\/et_pb_text][et_pb_text _builder_version=\u00a0\u00bb4.19.1&Prime; _module_preset=\u00a0\u00bbdefault\u00a0\u00bb hover_enabled=\u00a0\u00bb0&Prime; global_colors_info=\u00a0\u00bb{}\u00a0\u00bb sticky_enabled=\u00a0\u00bb0&Prime;]<\/p>\n<h4 style=\"font-weight: 400;\"><strong>Softskills<\/strong><\/h4>\n<ul>\n<li>Connaissance de soi<\/li>\n<li>Gestion du stress et des \u00e9motions<\/li>\n<li>Confiance en soi<\/li>\n<li>Parler en public<\/li>\n<li>Travailler avec des personnes difficiles<span> <\/span><\/li>\n<li>D\u00e9velopper son assertivit\u00e9<\/li>\n<li>Transformer ses faiblesses en atouts<\/li>\n<\/ul>\n<h4 style=\"font-weight: 400;\"><strong>Bases du coaching<\/strong><\/h4>\n<ul>\n<li>Les fondamentaux de la posture de coach<\/li>\n<li>Le d\u00e9roul\u00e9 d\u2019une s\u00e9ance<\/li>\n<li>L\u2019art de poser des questions<\/li>\n<li>Techniques d&rsquo;\u00e9coute efficace<\/li>\n<li>D\u00e9couvertes et exp\u00e9rimentation d\u2019outils simples et performants<\/li>\n<\/ul>\n<h4 style=\"font-weight: 400;\"><strong>Comp\u00e9tences RH <\/strong><\/h4>\n<ul>\n<li>Identifier et consolider la motivation de mes collaborateurs<\/li>\n<li>Pr\u00e9venir et g\u00e9rer les gestion de conflit<\/li>\n<li>Donner du feedback\/recadrer<\/li>\n<li>D\u00e9veloppement et retenir les talents<\/li>\n<li>D\u00e9ployer sa marque employeur<span> <\/span><\/li>\n<li>Retracer et vivre le parcours candidat<\/li>\n<li>Mener une campagne de recrutement et s\u00e9lection<\/li>\n<li>Maitriser les techniques d&rsquo;entretien de s\u00e9lection\u00a0<span style=\"font-size: 14px;\">(STARR, SWOT, <\/span><em style=\"font-size: 14px;\">mind mapping,<\/em><span style=\"font-size: 14px;\">&#8230;)<\/span><\/li>\n<\/ul>\n<ul>\n<li>Mener un entretien de d\u00e9veloppement<\/li>\n<\/ul>\n<h4 style=\"font-weight: 400;\"><strong>Formation des outils sp\u00e9cifiques<\/strong><\/h4>\n<ul>\n<li>Enn\u00e9agramme<\/li>\n<li>SISEM<\/li>\n<\/ul>\n<h4 style=\"font-weight: 400;\"><strong>Campagne de recherche d&#8217;emploi<\/strong><\/h4>\n<ul>\n<li>Identifier sa cible<\/li>\n<li>Se diff\u00e9rencier\/ <em>Personnal branding <\/em><\/li>\n<li><em>Elevator pitch<\/em><\/li>\n<li>Les canaux de recherche<\/li>\n<li>CV et mails d\u2019accompagnement<\/li>\n<li>Les relances<\/li>\n<li>Les outils digitaux ( Linkedin, r\u00e9seau sociaux,\u2026)<\/li>\n<li>Pr\u00e9parer un entretien<\/li>\n<li>S&rsquo;entra\u00eener aux tests de s\u00e9lection<\/li>\n<li>Pr\u00e9paration mentale<\/li>\n<\/ul>\n<h4 style=\"font-weight: 400;\"><strong>Pour qui ?<\/strong><\/h4>\n<p style=\"font-weight: 400;\">Les formations sont organis\u00e9es r\u00e9guli\u00e8rement pour les particuliers, les entreprises et les candidats en recherche d\u2019emploi .<\/p>\n<p>[\/et_pb_text][\/et_pb_column][\/et_pb_row][et_pb_row _builder_version=\u00a0\u00bb4.19.0&Prime; _module_preset=\u00a0\u00bbdefault\u00a0\u00bb global_colors_info=\u00a0\u00bb{}\u00a0\u00bb][et_pb_column type=\u00a0\u00bb4_4&Prime; _builder_version=\u00a0\u00bb4.19.0&Prime; _module_preset=\u00a0\u00bbdefault\u00a0\u00bb global_colors_info=\u00a0\u00bb{}\u00a0\u00bb][et_pb_button button_url=\u00a0\u00bbhttps:\/\/wingsgo.be\/#mecontacter\u00a0\u00bb button_text=\u00a0\u00bbpour en savoir plus me contacter\u00a0\u00bb _builder_version=\u00a0\u00bb4.19.0&Prime; _module_preset=\u00a0\u00bbdefault\u00a0\u00bb custom_button=\u00a0\u00bbon\u00a0\u00bb button_border_width=\u00a0\u00bb2px\u00a0\u00bb button_border_radius=\u00a0\u00bb30px\u00a0\u00bb global_colors_info=\u00a0\u00bb{}\u00a0\u00bb][\/et_pb_button][\/et_pb_column][\/et_pb_row][et_pb_row _builder_version=\u00a0\u00bb4.19.0&Prime; _module_preset=\u00a0\u00bbdefault\u00a0\u00bb global_colors_info=\u00a0\u00bb{}\u00a0\u00bb][et_pb_column type=\u00a0\u00bb4_4&Prime; _builder_version=\u00a0\u00bb4.19.0&Prime; _module_preset=\u00a0\u00bbdefault\u00a0\u00bb global_colors_info=\u00a0\u00bb{}\u00a0\u00bb][et_pb_image src=\u00a0\u00bbhttps:\/\/wingsgo.be\/wp-content\/uploads\/2022\/11\/LogoTypeWingsGoV2022.png\u00a0\u00bb title_text=\u00a0\u00bbLogoTypeWingsGoV2022&Prime; align=\u00a0\u00bbcenter\u00a0\u00bb _builder_version=\u00a0\u00bb4.19.0&Prime; _module_preset=\u00a0\u00bbdefault\u00a0\u00bb max_height=\u00a0\u00bb200px\u00a0\u00bb global_colors_info=\u00a0\u00bb{}\u00a0\u00bb][\/et_pb_image][\/et_pb_column][\/et_pb_row][\/et_pb_section]<\/p>\n","protected":false},"excerpt":{"rendered":"<p>FormationsSoftskills Connaissance de soi Gestion du stress et des \u00e9motions Confiance en soi Parler en public Travailler avec des personnes difficiles D\u00e9velopper son assertivit\u00e9 Transformer ses faiblesses en atouts Bases du coaching Les fondamentaux de la posture de coach Le d\u00e9roul\u00e9 d\u2019une s\u00e9ance L\u2019art de poser des questions Techniques d&rsquo;\u00e9coute efficace D\u00e9couvertes et exp\u00e9rimentation d\u2019outils [&hellip;]<\/p>\n","protected":false},"author":1,"featured_media":0,"parent":0,"menu_order":0,"comment_status":"closed","ping_status":"closed","template":"","meta":{"_et_pb_use_builder":"on","_et_pb_old_content":"","_et_gb_content_width":"","footnotes":""},"class_list":["post-350","page","type-page","status-publish","hentry"],"yoast_head":"<!-- This site is optimized with the Yoast SEO plugin v26.8 - https:\/\/yoast.com\/product\/yoast-seo-wordpress\/ -->\n<title>Formations - WingsGo<\/title>\n<meta name=\"robots\" content=\"index, follow, max-snippet:-1, max-image-preview:large, max-video-preview:-1\" \/>\n<link rel=\"canonical\" href=\"https:\/\/wingsgo.be\/index.php\/formations\/\" \/>\n<meta property=\"og:locale\" content=\"fr_FR\" \/>\n<meta property=\"og:type\" content=\"article\" \/>\n<meta property=\"og:title\" content=\"Formations - WingsGo\" \/>\n<meta property=\"og:description\" content=\"FormationsSoftskills Connaissance de soi Gestion du stress et des \u00e9motions Confiance en soi Parler en public Travailler avec des personnes difficiles D\u00e9velopper son assertivit\u00e9 Transformer ses faiblesses en atouts Bases du coaching Les fondamentaux de la posture de coach Le d\u00e9roul\u00e9 d\u2019une s\u00e9ance L\u2019art de poser des questions Techniques d&#039;\u00e9coute efficace D\u00e9couvertes et exp\u00e9rimentation d\u2019outils [&hellip;]\" \/>\n<meta property=\"og:url\" content=\"https:\/\/wingsgo.be\/index.php\/formations\/\" \/>\n<meta property=\"og:site_name\" content=\"WingsGo\" \/>\n<meta property=\"article:publisher\" content=\"https:\/\/www.facebook.com\/WingsGo.be\" \/>\n<meta property=\"article:modified_time\" content=\"2022-11-23T12:08:02+00:00\" \/>\n<meta name=\"twitter:card\" content=\"summary_large_image\" \/>\n<script type=\"application\/ld+json\" class=\"yoast-schema-graph\">{\"@context\":\"https:\/\/schema.org\",\"@graph\":[{\"@type\":\"WebPage\",\"@id\":\"https:\/\/wingsgo.be\/index.php\/formations\/\",\"url\":\"https:\/\/wingsgo.be\/index.php\/formations\/\",\"name\":\"Formations - WingsGo\",\"isPartOf\":{\"@id\":\"https:\/\/wingsgo.be\/#website\"},\"datePublished\":\"2022-11-16T16:27:21+00:00\",\"dateModified\":\"2022-11-23T12:08:02+00:00\",\"breadcrumb\":{\"@id\":\"https:\/\/wingsgo.be\/index.php\/formations\/#breadcrumb\"},\"inLanguage\":\"fr-FR\",\"potentialAction\":[{\"@type\":\"ReadAction\",\"target\":[\"https:\/\/wingsgo.be\/index.php\/formations\/\"]}]},{\"@type\":\"BreadcrumbList\",\"@id\":\"https:\/\/wingsgo.be\/index.php\/formations\/#breadcrumb\",\"itemListElement\":[{\"@type\":\"ListItem\",\"position\":1,\"name\":\"Home\",\"item\":\"https:\/\/wingsgo.be\/\"},{\"@type\":\"ListItem\",\"position\":2,\"name\":\"Formations\"}]},{\"@type\":\"WebSite\",\"@id\":\"https:\/\/wingsgo.be\/#website\",\"url\":\"https:\/\/wingsgo.be\/\",\"name\":\"WingsGo\",\"description\":\"Deploy to Enjoy\",\"potentialAction\":[{\"@type\":\"SearchAction\",\"target\":{\"@type\":\"EntryPoint\",\"urlTemplate\":\"https:\/\/wingsgo.be\/?s={search_term_string}\"},\"query-input\":{\"@type\":\"PropertyValueSpecification\",\"valueRequired\":true,\"valueName\":\"search_term_string\"}}],\"inLanguage\":\"fr-FR\"}]}<\/script>\n<!-- \/ Yoast SEO plugin. -->","yoast_head_json":{"title":"Formations - WingsGo","robots":{"index":"index","follow":"follow","max-snippet":"max-snippet:-1","max-image-preview":"max-image-preview:large","max-video-preview":"max-video-preview:-1"},"canonical":"https:\/\/wingsgo.be\/index.php\/formations\/","og_locale":"fr_FR","og_type":"article","og_title":"Formations - WingsGo","og_description":"FormationsSoftskills Connaissance de soi Gestion du stress et des \u00e9motions Confiance en soi Parler en public Travailler avec des personnes difficiles D\u00e9velopper son assertivit\u00e9 Transformer ses faiblesses en atouts Bases du coaching Les fondamentaux de la posture de coach Le d\u00e9roul\u00e9 d\u2019une s\u00e9ance L\u2019art de poser des questions Techniques d'\u00e9coute efficace D\u00e9couvertes et exp\u00e9rimentation d\u2019outils [&hellip;]","og_url":"https:\/\/wingsgo.be\/index.php\/formations\/","og_site_name":"WingsGo","article_publisher":"https:\/\/www.facebook.com\/WingsGo.be","article_modified_time":"2022-11-23T12:08:02+00:00","twitter_card":"summary_large_image","schema":{"@context":"https:\/\/schema.org","@graph":[{"@type":"WebPage","@id":"https:\/\/wingsgo.be\/index.php\/formations\/","url":"https:\/\/wingsgo.be\/index.php\/formations\/","name":"Formations - WingsGo","isPartOf":{"@id":"https:\/\/wingsgo.be\/#website"},"datePublished":"2022-11-16T16:27:21+00:00","dateModified":"2022-11-23T12:08:02+00:00","breadcrumb":{"@id":"https:\/\/wingsgo.be\/index.php\/formations\/#breadcrumb"},"inLanguage":"fr-FR","potentialAction":[{"@type":"ReadAction","target":["https:\/\/wingsgo.be\/index.php\/formations\/"]}]},{"@type":"BreadcrumbList","@id":"https:\/\/wingsgo.be\/index.php\/formations\/#breadcrumb","itemListElement":[{"@type":"ListItem","position":1,"name":"Home","item":"https:\/\/wingsgo.be\/"},{"@type":"ListItem","position":2,"name":"Formations"}]},{"@type":"WebSite","@id":"https:\/\/wingsgo.be\/#website","url":"https:\/\/wingsgo.be\/","name":"WingsGo","description":"Deploy to Enjoy","potentialAction":[{"@type":"SearchAction","target":{"@type":"EntryPoint","urlTemplate":"https:\/\/wingsgo.be\/?s={search_term_string}"},"query-input":{"@type":"PropertyValueSpecification","valueRequired":true,"valueName":"search_term_string"}}],"inLanguage":"fr-FR"}]}},"_links":{"self":[{"href":"https:\/\/wingsgo.be\/index.php\/wp-json\/wp\/v2\/pages\/350","targetHints":{"allow":["GET"]}}],"collection":[{"href":"https:\/\/wingsgo.be\/index.php\/wp-json\/wp\/v2\/pages"}],"about":[{"href":"https:\/\/wingsgo.be\/index.php\/wp-json\/wp\/v2\/types\/page"}],"author":[{"embeddable":true,"href":"https:\/\/wingsgo.be\/index.php\/wp-json\/wp\/v2\/users\/1"}],"replies":[{"embeddable":true,"href":"https:\/\/wingsgo.be\/index.php\/wp-json\/wp\/v2\/comments?post=350"}],"version-history":[{"count":8,"href":"https:\/\/wingsgo.be\/index.php\/wp-json\/wp\/v2\/pages\/350\/revisions"}],"predecessor-version":[{"id":527,"href":"https:\/\/wingsgo.be\/index.php\/wp-json\/wp\/v2\/pages\/350\/revisions\/527"}],"wp:attachment":[{"href":"https:\/\/wingsgo.be\/index.php\/wp-json\/wp\/v2\/media?parent=350"}],"curies":[{"name":"wp","href":"https:\/\/api.w.org\/{rel}","templated":true}]}}